{"id":407,"date":"2025-04-02T14:03:07","date_gmt":"2025-04-02T12:03:07","guid":{"rendered":"https:\/\/artesadesegre.cat\/turisme\/?page_id=407"},"modified":"2026-03-10T15:06:46","modified_gmt":"2026-03-10T14:06:46","slug":"la-ruta-pel-centre-historic","status":"publish","type":"page","link":"https:\/\/artesadesegre.cat\/turisme\/la-ruta-pel-centre-historic\/","title":{"rendered":"La Ruta pel Centre Hist\u00f2ric"},"content":{"rendered":"\t\t<div data-elementor-type=\"wp-page\" data-elementor-id=\"407\" class=\"elementor elementor-407\" data-elementor-post-type=\"page\">\n\t\t\t\t<div class=\"elementor-element elementor-element-813170a e-flex e-con-boxed e-con e-parent\" data-id=\"813170a\" data-element_type=\"container\" data-e-type=\"container\">\n\t\t\t\t\t<div class=\"e-con-inner\">\n\t\t<div class=\"elementor-element elementor-element-683e33c e-con-full e-flex e-con e-child\" data-id=\"683e33c\" data-element_type=\"container\" data-e-type=\"container\">\n\t\t\t\t<div class=\"elementor-element elementor-element-110884f elementor-widget elementor-widget-text-editor\" data-id=\"110884f\" data-element_type=\"widget\" data-e-type=\"widget\" data-widget_type=\"text-editor.default\">\n\t\t\t\t\t\t\t\t\t<p><span class=\"OYPEnA font-feature-liga-off font-feature-clig-off font-feature-calt-off text-decoration-none text-strikethrough-none\">Als peus de la serralada prepirinenca del Montsec i a banda i banda del riu Segre, en la vall m\u00e9s ampla de la conca, trobem Artesa de Segre.<\/span><\/p><p class=\"cvGsUA direction-ltr align-justify para-style-body\"><span class=\"OYPEnA font-feature-liga-off font-feature-clig-off font-feature-calt-off text-decoration-none text-strikethrough-none\">Passejar pel seu centre hist\u00f2ric \u00e9s una experi\u00e8ncia que et transporta a l\u2019\u00e8poca de la vila closa medieval, en un recorregut que desperta tots els sentits.<\/span><\/p><p class=\"cvGsUA direction-ltr align-justify para-style-body\"><span class=\"OYPEnA font-feature-liga-off font-feature-clig-off font-feature-calt-off text-decoration-none text-strikethrough-none\">Racons plens d\u2019encant com els carrers Carnisseries i Forat del Calipanya conviden a perdre-s\u2019hi sense pressa. Les places tranquil\u00b7les i amb encant, com la pla\u00e7a del Ball o la pla\u00e7a Major, amb els seus porxos ben conservats preserven l\u2019ess\u00e8ncia d\u2019un poble amb passat.<\/span><\/p><p>Els petits comer\u00e7os locals, amb el seu tracte proper, mantenen viu el batec comercial del centre hist\u00f2ric. Edificis tan emblem\u00e0tics com la seu del Museu del Montsec o l\u2019espectacular casal de la Granja recorden la import\u00e0ncia de la vila a mitjans del segle XVI. A m\u00e9s, el tradicional mercat setmanal dels diumenges \u00e9s una excel\u00b7lent oportunitat per con\u00e8ixer els productes del territori, descobrir l\u2019autenticitat d\u2019Artesa de Segre i entrar en contacte amb la seva gent.<\/p>\t\t\t\t\t\t\t\t<\/div>\n\t\t\t\t<div class=\"elementor-element elementor-element-fe5a07c elementor-align-justify elementor-widget elementor-widget-button\" data-id=\"fe5a07c\" data-element_type=\"widget\" data-e-type=\"widget\" data-widget_type=\"button.default\">\n\t\t\t\t\t\t\t\t\t\t<a class=\"elementor-button elementor-button-link elementor-size-sm\" href=\"https:\/\/artesadesegre.cat\/turisme\/wp-content\/uploads\/2025\/05\/DIPTIC-CENTRE-HISTORIC.pdf\">\n\t\t\t\t\t\t<span class=\"elementor-button-content-wrapper\">\n\t\t\t\t\t\t\t\t\t<span class=\"elementor-button-text\">Descarrega't el d\u00edptic<\/span>\n\t\t\t\t\t<\/span>\n\t\t\t\t\t<\/a>\n\t\t\t\t\t\t\t\t<\/div>\n\t\t\t\t<\/div>\n\t\t<div class=\"elementor-element elementor-element-bed33f5 e-con-full e-flex e-con e-child\" data-id=\"bed33f5\" data-element_type=\"container\" data-e-type=\"container\">\n\t\t\t\t<div class=\"elementor-element elementor-element-1cef000 elementor-widget elementor-widget-image\" data-id=\"1cef000\" data-element_type=\"widget\" data-e-type=\"widget\" data-widget_type=\"image.default\">\n\t\t\t\t\t\t\t\t\t\t\t\t\t\t\t<img fetchpriority=\"high\" decoding=\"async\" width=\"1995\" height=\"2317\" src=\"https:\/\/artesadesegre.cat\/turisme\/wp-content\/uploads\/2025\/04\/192b.jpg\" class=\"attachment-full size-full wp-image-445\" alt=\"\" srcset=\"https:\/\/artesadesegre.cat\/turisme\/wp-content\/uploads\/2025\/04\/192b.jpg 1995w, https:\/\/artesadesegre.cat\/turisme\/wp-content\/uploads\/2025\/04\/192b-258x300.jpg 258w, https:\/\/artesadesegre.cat\/turisme\/wp-content\/uploads\/2025\/04\/192b-882x1024.jpg 882w, https:\/\/artesadesegre.cat\/turisme\/wp-content\/uploads\/2025\/04\/192b-768x892.jpg 768w, https:\/\/artesadesegre.cat\/turisme\/wp-content\/uploads\/2025\/04\/192b-1323x1536.jpg 1323w, https:\/\/artesadesegre.cat\/turisme\/wp-content\/uploads\/2025\/04\/192b-1763x2048.jpg 1763w, https:\/\/artesadesegre.cat\/turisme\/wp-content\/uploads\/2025\/04\/192b-1080x1254.jpg 1080w, https:\/\/artesadesegre.cat\/turisme\/wp-content\/uploads\/2025\/04\/192b-1280x1487.jpg 1280w, https:\/\/artesadesegre.cat\/turisme\/wp-content\/uploads\/2025\/04\/192b-980x1138.jpg 980w, https:\/\/artesadesegre.cat\/turisme\/wp-content\/uploads\/2025\/04\/192b-480x557.jpg 480w\" sizes=\"(max-width: 1995px) 100vw, 1995px\" \/>\t\t\t\t\t\t\t\t\t\t\t\t\t\t\t<\/div>\n\t\t\t\t<\/div>\n\t\t\t\t\t<\/div>\n\t\t\t\t<\/div>\n\t\t<div class=\"elementor-element elementor-element-0ef8626 e-flex e-con-boxed e-con e-parent\" data-id=\"0ef8626\" data-element_type=\"container\" data-e-type=\"container\">\n\t\t\t\t\t<div class=\"e-con-inner\">\n\t\t<div class=\"elementor-element elementor-element-561ed75 e-con-full e-flex e-con e-child\" data-id=\"561ed75\" data-element_type=\"container\" data-e-type=\"container\">\n\t\t\t\t<div class=\"elementor-element elementor-element-6fe4ce8 elementor-cta--valign-top elementor-cta--skin-classic elementor-animated-content elementor-widget elementor-widget-call-to-action\" data-id=\"6fe4ce8\" data-element_type=\"widget\" data-e-type=\"widget\" data-widget_type=\"call-to-action.default\">\n\t\t\t\t\t\t\t<a class=\"elementor-cta\" href=\"https:\/\/artesadesegre.cat\/turisme\/la-ruta-pel-centre-historic\/el-centre-historic\/\">\n\t\t\t\t\t<div class=\"elementor-cta__bg-wrapper\">\n\t\t\t\t<div class=\"elementor-cta__bg elementor-bg\" style=\"background-image: url(https:\/\/artesadesegre.cat\/turisme\/wp-content\/uploads\/2025\/04\/3.png);\" role=\"img\" aria-label=\"3\"><\/div>\n\t\t\t\t<div class=\"elementor-cta__bg-overlay\"><\/div>\n\t\t\t<\/div>\n\t\t\t\t\t\t\t<div class=\"elementor-cta__content\">\n\t\t\t\t\n\t\t\t\t\t\t\t\t\t<h2 class=\"elementor-cta__title elementor-cta__content-item elementor-content-item\">\n\t\t\t\t\t\tCentre Hist\u00f2ric\t\t\t\t\t<\/h2>\n\t\t\t\t\n\t\t\t\t\t\t\t\t\t<div class=\"elementor-cta__description elementor-cta__content-item elementor-content-item\">\n\t\t\t\t\t\tAqu\u00ed trobem l\u2019esgl\u00e9sia, el carrer Bisbe Bernaus i l\u2019entrada a les principals places de l\u2019antiga vila.\t\t\t\t\t<\/div>\n\t\t\t\t\n\t\t\t\t\t\t\t<\/div>\n\t\t\t\t\t\t<\/a>\n\t\t\t\t\t\t<\/div>\n\t\t\t\t<\/div>\n\t\t<div class=\"elementor-element elementor-element-1f45897 e-con-full e-flex e-con e-child\" data-id=\"1f45897\" data-element_type=\"container\" data-e-type=\"container\">\n\t\t\t\t<div class=\"elementor-element elementor-element-2c62f96 elementor-cta--valign-top elementor-cta--skin-classic elementor-animated-content elementor-widget elementor-widget-call-to-action\" data-id=\"2c62f96\" data-element_type=\"widget\" data-e-type=\"widget\" data-widget_type=\"call-to-action.default\">\n\t\t\t\t\t\t\t<a class=\"elementor-cta\" href=\"https:\/\/artesadesegre.cat\/turisme\/la-ruta-pel-centre-historic\/placa-del-ball\/\">\n\t\t\t\t\t<div class=\"elementor-cta__bg-wrapper\">\n\t\t\t\t<div class=\"elementor-cta__bg elementor-bg\" style=\"background-image: url(https:\/\/artesadesegre.cat\/turisme\/wp-content\/uploads\/2025\/04\/1.png);\" role=\"img\" aria-label=\"1\"><\/div>\n\t\t\t\t<div class=\"elementor-cta__bg-overlay\"><\/div>\n\t\t\t<\/div>\n\t\t\t\t\t\t\t<div class=\"elementor-cta__content\">\n\t\t\t\t\n\t\t\t\t\t\t\t\t\t<h2 class=\"elementor-cta__title elementor-cta__content-item elementor-content-item\">\n\t\t\t\t\t\tPla\u00e7a del Ball\t\t\t\t\t<\/h2>\n\t\t\t\t\n\t\t\t\t\t\t\t\t\t<div class=\"elementor-cta__description elementor-cta__content-item elementor-content-item\">\n\t\t\t\t\t\tDurant molts anys, la pla\u00e7a del Ball ha estat el centre de l\u2019activitat comercial, amb botigues de tota mena.\t\t\t\t\t<\/div>\n\t\t\t\t\n\t\t\t\t\t\t\t<\/div>\n\t\t\t\t\t\t<\/a>\n\t\t\t\t\t\t<\/div>\n\t\t\t\t<\/div>\n\t\t<div class=\"elementor-element elementor-element-9b1a625 e-con-full e-flex e-con e-child\" data-id=\"9b1a625\" data-element_type=\"container\" data-e-type=\"container\">\n\t\t\t\t<div class=\"elementor-element elementor-element-36e4fbb elementor-cta--valign-top elementor-cta--skin-classic elementor-animated-content elementor-widget elementor-widget-call-to-action\" data-id=\"36e4fbb\" data-element_type=\"widget\" data-e-type=\"widget\" data-widget_type=\"call-to-action.default\">\n\t\t\t\t\t\t\t<a class=\"elementor-cta\" href=\"https:\/\/artesadesegre.cat\/turisme\/la-ruta-pel-centre-historic\/placa-major\/\">\n\t\t\t\t\t<div class=\"elementor-cta__bg-wrapper\">\n\t\t\t\t<div class=\"elementor-cta__bg elementor-bg\" style=\"background-image: url(https:\/\/artesadesegre.cat\/turisme\/wp-content\/uploads\/2025\/04\/4.png);\" role=\"img\" aria-label=\"4\"><\/div>\n\t\t\t\t<div class=\"elementor-cta__bg-overlay\"><\/div>\n\t\t\t<\/div>\n\t\t\t\t\t\t\t<div class=\"elementor-cta__content\">\n\t\t\t\t\n\t\t\t\t\t\t\t\t\t<h2 class=\"elementor-cta__title elementor-cta__content-item elementor-content-item\">\n\t\t\t\t\t\tPla\u00e7a Major\t\t\t\t\t<\/h2>\n\t\t\t\t\n\t\t\t\t\t\t\t\t\t<div class=\"elementor-cta__description elementor-cta__content-item elementor-content-item\">\n\t\t\t\t\t\tConeguda antigament com pla\u00e7a Davall, o b\u00e9 pla\u00e7a dels Porxos o Cobertissos.\t\t\t\t\t<\/div>\n\t\t\t\t\n\t\t\t\t\t\t\t<\/div>\n\t\t\t\t\t\t<\/a>\n\t\t\t\t\t\t<\/div>\n\t\t\t\t<\/div>\n\t\t<div class=\"elementor-element elementor-element-bbf9af1 e-con-full e-flex e-con e-child\" data-id=\"bbf9af1\" data-element_type=\"container\" data-e-type=\"container\">\n\t\t\t\t<div class=\"elementor-element elementor-element-f4bed62 elementor-cta--valign-top elementor-cta--skin-classic elementor-animated-content elementor-widget elementor-widget-call-to-action\" data-id=\"f4bed62\" data-element_type=\"widget\" data-e-type=\"widget\" data-widget_type=\"call-to-action.default\">\n\t\t\t\t\t\t\t<a class=\"elementor-cta\" href=\"https:\/\/artesadesegre.cat\/turisme\/la-ruta-pel-centre-historic\/edifici-museu-del-montsec\/\">\n\t\t\t\t\t<div class=\"elementor-cta__bg-wrapper\">\n\t\t\t\t<div class=\"elementor-cta__bg elementor-bg\" style=\"background-image: url(https:\/\/artesadesegre.cat\/turisme\/wp-content\/uploads\/2025\/04\/5.png);\" role=\"img\" aria-label=\"5\"><\/div>\n\t\t\t\t<div class=\"elementor-cta__bg-overlay\"><\/div>\n\t\t\t<\/div>\n\t\t\t\t\t\t\t<div class=\"elementor-cta__content\">\n\t\t\t\t\n\t\t\t\t\t\t\t\t\t<h2 class=\"elementor-cta__title elementor-cta__content-item elementor-content-item\">\n\t\t\t\t\t\tMuseu del Montsec\t\t\t\t\t<\/h2>\n\t\t\t\t\n\t\t\t\t\t\t\t\t\t<div class=\"elementor-cta__description elementor-cta__content-item elementor-content-item\">\n\t\t\t\t\t\tL\u2019actual Museu del Montsec havia estat l\u2019antiga casa de la vila d\u2019Artesa.\t\t\t\t\t<\/div>\n\t\t\t\t\n\t\t\t\t\t\t\t<\/div>\n\t\t\t\t\t\t<\/a>\n\t\t\t\t\t\t<\/div>\n\t\t\t\t<\/div>\n\t\t<div class=\"elementor-element elementor-element-ca377bf e-con-full e-flex e-con e-child\" data-id=\"ca377bf\" data-element_type=\"container\" data-e-type=\"container\">\n\t\t\t\t<div class=\"elementor-element elementor-element-977c087 elementor-cta--valign-top elementor-cta--skin-classic elementor-animated-content elementor-widget elementor-widget-call-to-action\" data-id=\"977c087\" data-element_type=\"widget\" data-e-type=\"widget\" data-widget_type=\"call-to-action.default\">\n\t\t\t\t\t\t\t<a class=\"elementor-cta\" href=\"https:\/\/artesadesegre.cat\/turisme\/la-ruta-pel-centre-historic\/carrer-i-placa-sant-joan\/\">\n\t\t\t\t\t<div class=\"elementor-cta__bg-wrapper\">\n\t\t\t\t<div class=\"elementor-cta__bg elementor-bg\" style=\"background-image: url(https:\/\/artesadesegre.cat\/turisme\/wp-content\/uploads\/2025\/04\/2.png);\" role=\"img\" aria-label=\"2\"><\/div>\n\t\t\t\t<div class=\"elementor-cta__bg-overlay\"><\/div>\n\t\t\t<\/div>\n\t\t\t\t\t\t\t<div class=\"elementor-cta__content\">\n\t\t\t\t\n\t\t\t\t\t\t\t\t\t<h2 class=\"elementor-cta__title elementor-cta__content-item elementor-content-item\">\n\t\t\t\t\t\tCarrer i pla\u00e7a Sant Joan\t\t\t\t\t<\/h2>\n\t\t\t\t\n\t\t\t\t\t\t\t\t\t<div class=\"elementor-cta__description elementor-cta__content-item elementor-content-item\">\n\t\t\t\t\t\tActualment inexistent, hi havia una esgl\u00e9sia, amb un hospital i un cementiri.\t\t\t\t\t<\/div>\n\t\t\t\t\n\t\t\t\t\t\t\t<\/div>\n\t\t\t\t\t\t<\/a>\n\t\t\t\t\t\t<\/div>\n\t\t\t\t<\/div>\n\t\t<div class=\"elementor-element elementor-element-0114852 e-con-full e-flex e-con e-child\" data-id=\"0114852\" data-element_type=\"container\" data-e-type=\"container\">\n\t\t\t\t<div class=\"elementor-element elementor-element-4ebaf25 elementor-cta--valign-top elementor-cta--skin-classic elementor-animated-content elementor-widget elementor-widget-call-to-action\" data-id=\"4ebaf25\" data-element_type=\"widget\" data-e-type=\"widget\" data-widget_type=\"call-to-action.default\">\n\t\t\t\t\t\t\t<a class=\"elementor-cta\" href=\"https:\/\/artesadesegre.cat\/turisme\/la-ruta-pel-centre-historic\/carrer-i-placa-sant-joan\/\">\n\t\t\t\t\t<div class=\"elementor-cta__bg-wrapper\">\n\t\t\t\t<div class=\"elementor-cta__bg elementor-bg\" style=\"background-image: url(https:\/\/artesadesegre.cat\/turisme\/wp-content\/uploads\/2025\/04\/9.png);\" role=\"img\" aria-label=\"9\"><\/div>\n\t\t\t\t<div class=\"elementor-cta__bg-overlay\"><\/div>\n\t\t\t<\/div>\n\t\t\t\t\t\t\t<div class=\"elementor-cta__content\">\n\t\t\t\t\n\t\t\t\t\t\t\t\t\t<h2 class=\"elementor-cta__title elementor-cta__content-item elementor-content-item\">\n\t\t\t\t\t\tLa Secla\t\t\t\t\t<\/h2>\n\t\t\t\t\n\t\t\t\t\t\t\t\t\t<div class=\"elementor-cta__description elementor-cta__content-item elementor-content-item\">\n\t\t\t\t\t\tLa segla d\u2019Artesa de Segre \u00e9s una infraestructura hidr\u00e0ulica d\u2019origen medieval.\t\t\t\t\t<\/div>\n\t\t\t\t\n\t\t\t\t\t\t\t<\/div>\n\t\t\t\t\t\t<\/a>\n\t\t\t\t\t\t<\/div>\n\t\t\t\t<\/div>\n\t\t<div class=\"elementor-element elementor-element-369f8ce e-con-full e-flex e-con e-child\" data-id=\"369f8ce\" data-element_type=\"container\" data-e-type=\"container\">\n\t\t\t\t<div class=\"elementor-element elementor-element-a2c435d elementor-cta--valign-top elementor-cta--skin-classic elementor-animated-content elementor-widget elementor-widget-call-to-action\" data-id=\"a2c435d\" data-element_type=\"widget\" data-e-type=\"widget\" data-widget_type=\"call-to-action.default\">\n\t\t\t\t\t\t\t<a class=\"elementor-cta\" href=\"https:\/\/artesadesegre.cat\/turisme\/la-ruta-pel-centre-historic\/carrer-i-placa-sant-joan\/\">\n\t\t\t\t\t<div class=\"elementor-cta__bg-wrapper\">\n\t\t\t\t<div class=\"elementor-cta__bg elementor-bg\" style=\"background-image: url(https:\/\/artesadesegre.cat\/turisme\/wp-content\/uploads\/2025\/04\/8.png);\" role=\"img\" aria-label=\"8\"><\/div>\n\t\t\t\t<div class=\"elementor-cta__bg-overlay\"><\/div>\n\t\t\t<\/div>\n\t\t\t\t\t\t\t<div class=\"elementor-cta__content\">\n\t\t\t\t\n\t\t\t\t\t\t\t\t\t<h2 class=\"elementor-cta__title elementor-cta__content-item elementor-content-item\">\n\t\t\t\t\t\tLa Granja\t\t\t\t\t<\/h2>\n\t\t\t\t\n\t\t\t\t\t\t\t\t\t<div class=\"elementor-cta__description elementor-cta__content-item elementor-content-item\">\n\t\t\t\t\t\tEns trobem davant d\u2019un dels edificis m\u00e9s emblem\u00e0tics del patrimoni arquitect\u00f2nic d\u2019Artesa de Segre.\t\t\t\t\t<\/div>\n\t\t\t\t\n\t\t\t\t\t\t\t<\/div>\n\t\t\t\t\t\t<\/a>\n\t\t\t\t\t\t<\/div>\n\t\t\t\t<\/div>\n\t\t\t\t\t<\/div>\n\t\t\t\t<\/div>\n\t\t\t\t<\/div>\n\t\t","protected":false},"excerpt":{"rendered":"<p>Als peus de la serralada prepirinenca del Montsec i a banda i banda del riu Segre, en la vall m\u00e9s ampla de la conca, trobem Artesa de Segre. Passejar pel seu centre hist\u00f2ric \u00e9s una experi\u00e8ncia que et transporta a l\u2019\u00e8poca de la vila closa medieval, en un recorregut que desperta tots els sentits. Racons [&hellip;]<\/p>\n","protected":false},"author":2,"featured_media":0,"parent":0,"menu_order":0,"comment_status":"closed","ping_status":"closed","template":"elementor_header_footer","meta":{"_acf_changed":false,"footnotes":""},"class_list":["post-407","page","type-page","status-publish","hentry"],"acf":[],"_links":{"self":[{"href":"https:\/\/artesadesegre.cat\/turisme\/wp-json\/wp\/v2\/pages\/407","targetHints":{"allow":["GET"]}}],"collection":[{"href":"https:\/\/artesadesegre.cat\/turisme\/wp-json\/wp\/v2\/pages"}],"about":[{"href":"https:\/\/artesadesegre.cat\/turisme\/wp-json\/wp\/v2\/types\/page"}],"author":[{"embeddable":true,"href":"https:\/\/artesadesegre.cat\/turisme\/wp-json\/wp\/v2\/users\/2"}],"replies":[{"embeddable":true,"href":"https:\/\/artesadesegre.cat\/turisme\/wp-json\/wp\/v2\/comments?post=407"}],"version-history":[{"count":37,"href":"https:\/\/artesadesegre.cat\/turisme\/wp-json\/wp\/v2\/pages\/407\/revisions"}],"predecessor-version":[{"id":1142,"href":"https:\/\/artesadesegre.cat\/turisme\/wp-json\/wp\/v2\/pages\/407\/revisions\/1142"}],"wp:attachment":[{"href":"https:\/\/artesadesegre.cat\/turisme\/wp-json\/wp\/v2\/media?parent=407"}],"curies":[{"name":"wp","href":"https:\/\/api.w.org\/{rel}","templated":true}]}}