{"id":361,"date":"2025-04-02T13:41:56","date_gmt":"2025-04-02T11:41:56","guid":{"rendered":"https:\/\/artesadesegre.cat\/turisme\/?page_id=361"},"modified":"2026-03-11T12:15:38","modified_gmt":"2026-03-11T11:15:38","slug":"carrer-i-placa-sant-joan","status":"publish","type":"page","link":"https:\/\/artesadesegre.cat\/turisme\/la-ruta-pel-centre-historic\/carrer-i-placa-sant-joan\/","title":{"rendered":"Carrer i pla\u00e7a Sant Joan"},"content":{"rendered":"\t\t<div data-elementor-type=\"wp-page\" data-elementor-id=\"361\" class=\"elementor elementor-361\" data-elementor-post-type=\"page\">\n\t\t\t\t<div class=\"elementor-element elementor-element-4665b0e4 e-flex e-con-boxed e-con e-parent\" data-id=\"4665b0e4\" data-element_type=\"container\" data-e-type=\"container\">\n\t\t\t\t\t<div class=\"e-con-inner\">\n\t\t<div class=\"elementor-element elementor-element-6be5c394 e-con-full e-flex e-con e-child\" data-id=\"6be5c394\" data-element_type=\"container\" data-e-type=\"container\">\n\t\t\t\t<div class=\"elementor-element elementor-element-4b159b7c elementor-widget elementor-widget-text-editor\" data-id=\"4b159b7c\" data-element_type=\"widget\" data-e-type=\"widget\" data-widget_type=\"text-editor.default\">\n\t\t\t\t\t\t\t\t\t<p class=\"p1\">Al segle XVI, Artesa de Segre era una vila emmurallada, delimitada exteriorment per un fossar. S\u2019hi accedia per un \u00fanic portal, el Portal de la S\u00edgnia dels Molins, que est\u00e0 situat al final de l\u2019actual carrer Carnisseries. La vila s\u2019ordenava al voltant de tres places <span class=\"s1\">\u23af <\/span>la pla\u00e7a Davall o dels Cobertissos (actual pla\u00e7a Major), la pla\u00e7a de Sant Joan (al cap del carrer Sant Joan) i la pla\u00e7a de l\u2019Esgl\u00e9sia <span class=\"s1\">\u23af<\/span> i de tres carrers <span class=\"s1\">\u23af <\/span>el de Sant Joan, el que anava al forn i el que anava a la carnisseria <span class=\"s1\">\u23af<\/span>.<\/p><p class=\"p1\">A la pla\u00e7a de Sant Joan, actualment inexistent, hi havia una esgl\u00e9sia, amb un hospital i un cementiri, que possiblement es va anar expandint cap a la carretera de Tremp, on hi havia la Creu del Fossar. A la pla\u00e7a i, tamb\u00e9, al carrer de Sant Joan hi vivien la majoria d\u2019artesans: dos teixidors, un ferrer, un boter, un picapedrer i un moliner.<\/p><p class=\"p1\">En aquest punt podem observar el Forat del Calipanya, un passatge que destaca per la seva estretesa. Els artesencs i les artesenques en presumeixen com el carrer m\u00e9s estret de Catalunya, tot i que no consta oficialment en cap registre.<\/p>\t\t\t\t\t\t\t\t<\/div>\n\t\t\t\t<\/div>\n\t\t<div class=\"elementor-element elementor-element-631ade87 e-con-full e-flex e-con e-child\" data-id=\"631ade87\" data-element_type=\"container\" data-e-type=\"container\">\n\t\t\t\t<div class=\"elementor-element elementor-element-4b9842f3 elementor-widget elementor-widget-image\" data-id=\"4b9842f3\" data-element_type=\"widget\" data-e-type=\"widget\" data-widget_type=\"image.default\">\n\t\t\t\t\t\t\t\t\t\t\t\t\t\t\t<img fetchpriority=\"high\" decoding=\"async\" width=\"2000\" height=\"1414\" src=\"https:\/\/artesadesegre.cat\/turisme\/wp-content\/uploads\/2025\/04\/2.png\" class=\"attachment-full size-full wp-image-448\" alt=\"\" srcset=\"https:\/\/artesadesegre.cat\/turisme\/wp-content\/uploads\/2025\/04\/2.png 2000w, https:\/\/artesadesegre.cat\/turisme\/wp-content\/uploads\/2025\/04\/2-300x212.png 300w, https:\/\/artesadesegre.cat\/turisme\/wp-content\/uploads\/2025\/04\/2-1024x724.png 1024w, https:\/\/artesadesegre.cat\/turisme\/wp-content\/uploads\/2025\/04\/2-768x543.png 768w, https:\/\/artesadesegre.cat\/turisme\/wp-content\/uploads\/2025\/04\/2-1536x1086.png 1536w, https:\/\/artesadesegre.cat\/turisme\/wp-content\/uploads\/2025\/04\/2-400x284.png 400w, https:\/\/artesadesegre.cat\/turisme\/wp-content\/uploads\/2025\/04\/2-1080x764.png 1080w, https:\/\/artesadesegre.cat\/turisme\/wp-content\/uploads\/2025\/04\/2-1280x905.png 1280w, https:\/\/artesadesegre.cat\/turisme\/wp-content\/uploads\/2025\/04\/2-980x693.png 980w, https:\/\/artesadesegre.cat\/turisme\/wp-content\/uploads\/2025\/04\/2-480x339.png 480w\" sizes=\"(max-width: 2000px) 100vw, 2000px\" \/>\t\t\t\t\t\t\t\t\t\t\t\t\t\t\t<\/div>\n\t\t\t\t<div class=\"elementor-element elementor-element-68b9097f elementor-widget elementor-widget-image\" data-id=\"68b9097f\" data-element_type=\"widget\" data-e-type=\"widget\" data-widget_type=\"image.default\">\n\t\t\t\t\t\t\t\t\t\t\t\t\t\t\t<img decoding=\"async\" width=\"1798\" height=\"2560\" src=\"https:\/\/artesadesegre.cat\/turisme\/wp-content\/uploads\/2025\/04\/148-scaled.jpg\" class=\"attachment-full size-full wp-image-363\" alt=\"\" srcset=\"https:\/\/artesadesegre.cat\/turisme\/wp-content\/uploads\/2025\/04\/148-scaled.jpg 1798w, https:\/\/artesadesegre.cat\/turisme\/wp-content\/uploads\/2025\/04\/148-211x300.jpg 211w, https:\/\/artesadesegre.cat\/turisme\/wp-content\/uploads\/2025\/04\/148-719x1024.jpg 719w, https:\/\/artesadesegre.cat\/turisme\/wp-content\/uploads\/2025\/04\/148-768x1094.jpg 768w, https:\/\/artesadesegre.cat\/turisme\/wp-content\/uploads\/2025\/04\/148-1079x1536.jpg 1079w, https:\/\/artesadesegre.cat\/turisme\/wp-content\/uploads\/2025\/04\/148-1438x2048.jpg 1438w, https:\/\/artesadesegre.cat\/turisme\/wp-content\/uploads\/2025\/04\/148-1080x1538.jpg 1080w, https:\/\/artesadesegre.cat\/turisme\/wp-content\/uploads\/2025\/04\/148-1280x1822.jpg 1280w, https:\/\/artesadesegre.cat\/turisme\/wp-content\/uploads\/2025\/04\/148-980x1395.jpg 980w, https:\/\/artesadesegre.cat\/turisme\/wp-content\/uploads\/2025\/04\/148-480x683.jpg 480w\" sizes=\"(max-width: 1798px) 100vw, 1798px\" \/>\t\t\t\t\t\t\t\t\t\t\t\t\t\t\t<\/div>\n\t\t\t\t<\/div>\n\t\t\t\t\t<\/div>\n\t\t\t\t<\/div>\n\t\t<div class=\"elementor-element elementor-element-4649e656 e-flex e-con-boxed e-con e-parent\" data-id=\"4649e656\" data-element_type=\"container\" data-e-type=\"container\">\n\t\t\t\t\t<div class=\"e-con-inner\">\n\t\t\t\t<div class=\"elementor-element elementor-element-7e2a9344 elementor-align-left elementor-widget elementor-widget-button\" data-id=\"7e2a9344\" data-element_type=\"widget\" data-e-type=\"widget\" data-widget_type=\"button.default\">\n\t\t\t\t\t\t\t\t\t\t<a class=\"elementor-button elementor-button-link elementor-size-sm\" href=\"https:\/\/artesadesegre.cat\/turisme\/wp-content\/uploads\/2025\/05\/DIPTIC-CENTRE-HISTORIC.pdf\">\n\t\t\t\t\t\t<span class=\"elementor-button-content-wrapper\">\n\t\t\t\t\t\t<span class=\"elementor-button-icon\">\n\t\t\t\t<svg aria-hidden=\"true\" class=\"e-font-icon-svg e-fas-long-arrow-alt-left\" viewBox=\"0 0 448 512\" xmlns=\"http:\/\/www.w3.org\/2000\/svg\"><path d=\"M134.059 296H436c6.627 0 12-5.373 12-12v-56c0-6.627-5.373-12-12-12H134.059v-46.059c0-21.382-25.851-32.09-40.971-16.971L7.029 239.029c-9.373 9.373-9.373 24.569 0 33.941l86.059 86.059c15.119 15.119 40.971 4.411 40.971-16.971V296z\"><\/path><\/svg>\t\t\t<\/span>\n\t\t\t\t\t\t\t\t\t<span class=\"elementor-button-text\">Tornar a la ruta del centre hist\u00f2ric<\/span>\n\t\t\t\t\t<\/span>\n\t\t\t\t\t<\/a>\n\t\t\t\t\t\t\t\t<\/div>\n\t\t\t\t\t<\/div>\n\t\t\t\t<\/div>\n\t\t\t\t<\/div>\n\t\t","protected":false},"excerpt":{"rendered":"<p>Al segle XVI, Artesa de Segre era una vila emmurallada, delimitada exteriorment per un fossar. S\u2019hi accedia per un \u00fanic portal, el Portal de la S\u00edgnia dels Molins, que est\u00e0 situat al final de l\u2019actual carrer Carnisseries. La vila s\u2019ordenava al voltant de tres places \u23af la pla\u00e7a Davall o dels Cobertissos (actual pla\u00e7a Major), [&hellip;]<\/p>\n","protected":false},"author":2,"featured_media":0,"parent":407,"menu_order":0,"comment_status":"closed","ping_status":"closed","template":"elementor_header_footer","meta":{"_acf_changed":false,"footnotes":""},"class_list":["post-361","page","type-page","status-publish","hentry"],"acf":[],"_links":{"self":[{"href":"https:\/\/artesadesegre.cat\/turisme\/wp-json\/wp\/v2\/pages\/361","targetHints":{"allow":["GET"]}}],"collection":[{"href":"https:\/\/artesadesegre.cat\/turisme\/wp-json\/wp\/v2\/pages"}],"about":[{"href":"https:\/\/artesadesegre.cat\/turisme\/wp-json\/wp\/v2\/types\/page"}],"author":[{"embeddable":true,"href":"https:\/\/artesadesegre.cat\/turisme\/wp-json\/wp\/v2\/users\/2"}],"replies":[{"embeddable":true,"href":"https:\/\/artesadesegre.cat\/turisme\/wp-json\/wp\/v2\/comments?post=361"}],"version-history":[{"count":10,"href":"https:\/\/artesadesegre.cat\/turisme\/wp-json\/wp\/v2\/pages\/361\/revisions"}],"predecessor-version":[{"id":1179,"href":"https:\/\/artesadesegre.cat\/turisme\/wp-json\/wp\/v2\/pages\/361\/revisions\/1179"}],"up":[{"embeddable":true,"href":"https:\/\/artesadesegre.cat\/turisme\/wp-json\/wp\/v2\/pages\/407"}],"wp:attachment":[{"href":"https:\/\/artesadesegre.cat\/turisme\/wp-json\/wp\/v2\/media?parent=361"}],"curies":[{"name":"wp","href":"https:\/\/api.w.org\/{rel}","templated":true}]}}