{"id":336,"date":"2025-04-02T13:42:39","date_gmt":"2025-04-02T11:42:39","guid":{"rendered":"https:\/\/artesadesegre.cat\/turisme\/?page_id=336"},"modified":"2026-03-11T12:09:25","modified_gmt":"2026-03-11T11:09:25","slug":"placa-del-ball","status":"publish","type":"page","link":"https:\/\/artesadesegre.cat\/turisme\/la-ruta-pel-centre-historic\/placa-del-ball\/","title":{"rendered":"Pla\u00e7a del Ball"},"content":{"rendered":"\t\t<div data-elementor-type=\"wp-page\" data-elementor-id=\"336\" class=\"elementor elementor-336\" data-elementor-post-type=\"page\">\n\t\t\t\t<div class=\"elementor-element elementor-element-237f2249 e-flex e-con-boxed e-con e-parent\" data-id=\"237f2249\" data-element_type=\"container\" data-e-type=\"container\">\n\t\t\t\t\t<div class=\"e-con-inner\">\n\t\t<div class=\"elementor-element elementor-element-ea238d2 e-con-full e-flex e-con e-child\" data-id=\"ea238d2\" data-element_type=\"container\" data-e-type=\"container\">\n\t\t\t\t<div class=\"elementor-element elementor-element-22be9501 elementor-widget elementor-widget-text-editor\" data-id=\"22be9501\" data-element_type=\"widget\" data-e-type=\"widget\" data-widget_type=\"text-editor.default\">\n\t\t\t\t\t\t\t\t\t<p>Durant els segles XIII i XIV, la vila d\u2019Artesa va traslladar-se a l\u2019indret actual, aprofitant la proximitat de l\u2019horta, la segla i els molins, i es va consolidar a l\u2019espai que avui conforma el centre hist\u00f2ric. Durant molts anys, la pla\u00e7a del Ball ha estat el centre de l\u2019activitat comercial, amb botigues de tota mena, com ara sabateries, sastreries o establiments de queviures, i cada diumenge s\u2019hi celebrava el mercat setmanal. Actualment, la pla\u00e7a rep aquest nom perqu\u00e8, segons diu la tradici\u00f3, les dones que hi anaven a buscar aigua ballaven el ball rod\u00f3 de <i>La Raimundeta<\/i> al voltant de la font mentre esperaven el seu torn.<\/p>\t\t\t\t\t\t\t\t<\/div>\n\t\t\t\t<div class=\"elementor-element elementor-element-e928c37 elementor-widget elementor-widget-heading\" data-id=\"e928c37\" data-element_type=\"widget\" data-e-type=\"widget\" data-widget_type=\"heading.default\">\n\t\t\t\t\t<h3 class=\"elementor-heading-title elementor-size-default\">CAN\u00c7\u00d3 POPULAR <\/h3>\t\t\t\t<\/div>\n\t\t\t\t<div class=\"elementor-element elementor-element-1971289 elementor-widget elementor-widget-text-editor\" data-id=\"1971289\" data-element_type=\"widget\" data-e-type=\"widget\" data-widget_type=\"text-editor.default\">\n\t\t\t\t\t\t\t\t\t<p class=\"p1\"><i>Si voleu oir<\/i><\/p><p class=\"p1\"><i>can\u00e7oneta nova,<br \/>jo vos la dir\u00e9<br \/>d\u2019una gran minyona.<\/i><\/p><p><i>Raimundeta, adeu,<br \/>Raimundeta hermosa;<br \/>Raimundeta, adeu.<\/i><\/p><p>D\u2019en\u00e7\u00e0 que la casen<br \/>tot el dia plora.<br \/>\u2014No ploreu, Raimunda,<br \/>que encara no es hora:<br \/>capitols s\u00f3n fets,<br \/>les cartes s\u00f3n closes,<br \/>diumenge vinent<br \/>vos duran les joies,<br \/>sabata amb tal\u00f3,<br \/>la mitgeta groga,<br \/>faldell\u00ed vermell<br \/>amb punta a la vora,<br \/>lo davantal blanc<br \/>tallat a la moda,<br \/>manto i cirineu<br \/>a tall de senyora.<\/p><p><i>Raimundeta, adeu,<br \/>Raimundeta hermosa;<br \/>Raimundeta, adeu.<\/i><\/p><p class=\"p1\">(Lletra de la can\u00e7\u00f3 popular <i>La Raimundeta<\/i>)<\/p>\t\t\t\t\t\t\t\t<\/div>\n\t\t\t\t<\/div>\n\t\t<div class=\"elementor-element elementor-element-5fc47b7f e-con-full e-flex e-con e-child\" data-id=\"5fc47b7f\" data-element_type=\"container\" data-e-type=\"container\">\n\t\t\t\t<div class=\"elementor-element elementor-element-7f887b07 elementor-widget elementor-widget-image\" data-id=\"7f887b07\" data-element_type=\"widget\" data-e-type=\"widget\" data-widget_type=\"image.default\">\n\t\t\t\t\t\t\t\t\t\t\t\t\t\t\t<img fetchpriority=\"high\" decoding=\"async\" width=\"2350\" height=\"1425\" src=\"https:\/\/artesadesegre.cat\/turisme\/wp-content\/uploads\/2025\/04\/Captura-de-Pantalla-2025-04-01-a-las-10.29.28-1.png\" class=\"attachment-full size-full wp-image-341\" alt=\"\" srcset=\"https:\/\/artesadesegre.cat\/turisme\/wp-content\/uploads\/2025\/04\/Captura-de-Pantalla-2025-04-01-a-las-10.29.28-1.png 2350w, https:\/\/artesadesegre.cat\/turisme\/wp-content\/uploads\/2025\/04\/Captura-de-Pantalla-2025-04-01-a-las-10.29.28-1-300x182.png 300w, https:\/\/artesadesegre.cat\/turisme\/wp-content\/uploads\/2025\/04\/Captura-de-Pantalla-2025-04-01-a-las-10.29.28-1-1024x621.png 1024w, https:\/\/artesadesegre.cat\/turisme\/wp-content\/uploads\/2025\/04\/Captura-de-Pantalla-2025-04-01-a-las-10.29.28-1-768x466.png 768w, https:\/\/artesadesegre.cat\/turisme\/wp-content\/uploads\/2025\/04\/Captura-de-Pantalla-2025-04-01-a-las-10.29.28-1-1536x931.png 1536w, https:\/\/artesadesegre.cat\/turisme\/wp-content\/uploads\/2025\/04\/Captura-de-Pantalla-2025-04-01-a-las-10.29.28-1-2048x1242.png 2048w, https:\/\/artesadesegre.cat\/turisme\/wp-content\/uploads\/2025\/04\/Captura-de-Pantalla-2025-04-01-a-las-10.29.28-1-1080x655.png 1080w, https:\/\/artesadesegre.cat\/turisme\/wp-content\/uploads\/2025\/04\/Captura-de-Pantalla-2025-04-01-a-las-10.29.28-1-1280x776.png 1280w, https:\/\/artesadesegre.cat\/turisme\/wp-content\/uploads\/2025\/04\/Captura-de-Pantalla-2025-04-01-a-las-10.29.28-1-980x594.png 980w, https:\/\/artesadesegre.cat\/turisme\/wp-content\/uploads\/2025\/04\/Captura-de-Pantalla-2025-04-01-a-las-10.29.28-1-480x291.png 480w\" sizes=\"(max-width: 2350px) 100vw, 2350px\" \/>\t\t\t\t\t\t\t\t\t\t\t\t\t\t\t<\/div>\n\t\t\t\t<div class=\"elementor-element elementor-element-7688cf31 elementor-widget elementor-widget-image\" data-id=\"7688cf31\" data-element_type=\"widget\" data-e-type=\"widget\" data-widget_type=\"image.default\">\n\t\t\t\t\t\t\t\t\t\t\t\t\t\t\t<img decoding=\"async\" width=\"2372\" height=\"1506\" src=\"https:\/\/artesadesegre.cat\/turisme\/wp-content\/uploads\/2025\/04\/Captura-de-Pantalla-2025-04-01-a-las-10.42.41.png\" class=\"attachment-full size-full wp-image-342\" alt=\"\" srcset=\"https:\/\/artesadesegre.cat\/turisme\/wp-content\/uploads\/2025\/04\/Captura-de-Pantalla-2025-04-01-a-las-10.42.41.png 2372w, https:\/\/artesadesegre.cat\/turisme\/wp-content\/uploads\/2025\/04\/Captura-de-Pantalla-2025-04-01-a-las-10.42.41-300x190.png 300w, https:\/\/artesadesegre.cat\/turisme\/wp-content\/uploads\/2025\/04\/Captura-de-Pantalla-2025-04-01-a-las-10.42.41-1024x650.png 1024w, https:\/\/artesadesegre.cat\/turisme\/wp-content\/uploads\/2025\/04\/Captura-de-Pantalla-2025-04-01-a-las-10.42.41-768x488.png 768w, https:\/\/artesadesegre.cat\/turisme\/wp-content\/uploads\/2025\/04\/Captura-de-Pantalla-2025-04-01-a-las-10.42.41-1536x975.png 1536w, https:\/\/artesadesegre.cat\/turisme\/wp-content\/uploads\/2025\/04\/Captura-de-Pantalla-2025-04-01-a-las-10.42.41-2048x1300.png 2048w, https:\/\/artesadesegre.cat\/turisme\/wp-content\/uploads\/2025\/04\/Captura-de-Pantalla-2025-04-01-a-las-10.42.41-1080x686.png 1080w, https:\/\/artesadesegre.cat\/turisme\/wp-content\/uploads\/2025\/04\/Captura-de-Pantalla-2025-04-01-a-las-10.42.41-1280x813.png 1280w, https:\/\/artesadesegre.cat\/turisme\/wp-content\/uploads\/2025\/04\/Captura-de-Pantalla-2025-04-01-a-las-10.42.41-980x622.png 980w, https:\/\/artesadesegre.cat\/turisme\/wp-content\/uploads\/2025\/04\/Captura-de-Pantalla-2025-04-01-a-las-10.42.41-480x305.png 480w\" sizes=\"(max-width: 2372px) 100vw, 2372px\" \/>\t\t\t\t\t\t\t\t\t\t\t\t\t\t\t<\/div>\n\t\t\t\t<div class=\"elementor-element elementor-element-6a9af285 elementor-widget elementor-widget-image\" data-id=\"6a9af285\" data-element_type=\"widget\" data-e-type=\"widget\" data-widget_type=\"image.default\">\n\t\t\t\t\t\t\t\t\t\t\t\t\t\t\t<img decoding=\"async\" width=\"1196\" height=\"1694\" src=\"https:\/\/artesadesegre.cat\/turisme\/wp-content\/uploads\/2025\/04\/Captura-de-Pantalla-2025-04-01-a-las-10.52.09.png\" class=\"attachment-full size-full wp-image-344\" alt=\"\" srcset=\"https:\/\/artesadesegre.cat\/turisme\/wp-content\/uploads\/2025\/04\/Captura-de-Pantalla-2025-04-01-a-las-10.52.09.png 1196w, https:\/\/artesadesegre.cat\/turisme\/wp-content\/uploads\/2025\/04\/Captura-de-Pantalla-2025-04-01-a-las-10.52.09-212x300.png 212w, https:\/\/artesadesegre.cat\/turisme\/wp-content\/uploads\/2025\/04\/Captura-de-Pantalla-2025-04-01-a-las-10.52.09-723x1024.png 723w, https:\/\/artesadesegre.cat\/turisme\/wp-content\/uploads\/2025\/04\/Captura-de-Pantalla-2025-04-01-a-las-10.52.09-768x1088.png 768w, https:\/\/artesadesegre.cat\/turisme\/wp-content\/uploads\/2025\/04\/Captura-de-Pantalla-2025-04-01-a-las-10.52.09-1084x1536.png 1084w, https:\/\/artesadesegre.cat\/turisme\/wp-content\/uploads\/2025\/04\/Captura-de-Pantalla-2025-04-01-a-las-10.52.09-1080x1530.png 1080w, https:\/\/artesadesegre.cat\/turisme\/wp-content\/uploads\/2025\/04\/Captura-de-Pantalla-2025-04-01-a-las-10.52.09-980x1388.png 980w, https:\/\/artesadesegre.cat\/turisme\/wp-content\/uploads\/2025\/04\/Captura-de-Pantalla-2025-04-01-a-las-10.52.09-480x680.png 480w\" sizes=\"(max-width: 1196px) 100vw, 1196px\" \/>\t\t\t\t\t\t\t\t\t\t\t\t\t\t\t<\/div>\n\t\t\t\t<\/div>\n\t\t\t\t\t<\/div>\n\t\t\t\t<\/div>\n\t\t<div class=\"elementor-element elementor-element-722e1429 e-flex e-con-boxed e-con e-parent\" data-id=\"722e1429\" data-element_type=\"container\" data-e-type=\"container\">\n\t\t\t\t\t<div class=\"e-con-inner\">\n\t\t\t\t<div class=\"elementor-element elementor-element-6b875254 elementor-align-left elementor-widget elementor-widget-button\" data-id=\"6b875254\" data-element_type=\"widget\" data-e-type=\"widget\" data-widget_type=\"button.default\">\n\t\t\t\t\t\t\t\t\t\t<a class=\"elementor-button elementor-button-link elementor-size-sm\" href=\"https:\/\/artesadesegre.cat\/turisme\/wp-content\/uploads\/2025\/05\/DIPTIC-CENTRE-HISTORIC.pdf\">\n\t\t\t\t\t\t<span class=\"elementor-button-content-wrapper\">\n\t\t\t\t\t\t<span class=\"elementor-button-icon\">\n\t\t\t\t<svg aria-hidden=\"true\" class=\"e-font-icon-svg e-fas-long-arrow-alt-left\" viewBox=\"0 0 448 512\" xmlns=\"http:\/\/www.w3.org\/2000\/svg\"><path d=\"M134.059 296H436c6.627 0 12-5.373 12-12v-56c0-6.627-5.373-12-12-12H134.059v-46.059c0-21.382-25.851-32.09-40.971-16.971L7.029 239.029c-9.373 9.373-9.373 24.569 0 33.941l86.059 86.059c15.119 15.119 40.971 4.411 40.971-16.971V296z\"><\/path><\/svg>\t\t\t<\/span>\n\t\t\t\t\t\t\t\t\t<span class=\"elementor-button-text\">Tornar a la ruta del centre hist\u00f2ric<\/span>\n\t\t\t\t\t<\/span>\n\t\t\t\t\t<\/a>\n\t\t\t\t\t\t\t\t<\/div>\n\t\t\t\t\t<\/div>\n\t\t\t\t<\/div>\n\t\t\t\t<\/div>\n\t\t","protected":false},"excerpt":{"rendered":"<p>Durant els segles XIII i XIV, la vila d\u2019Artesa va traslladar-se a l\u2019indret actual, aprofitant la proximitat de l\u2019horta, la segla i els molins, i es va consolidar a l\u2019espai que avui conforma el centre hist\u00f2ric. Durant molts anys, la pla\u00e7a del Ball ha estat el centre de l\u2019activitat comercial, amb botigues de tota mena, [&hellip;]<\/p>\n","protected":false},"author":2,"featured_media":0,"parent":407,"menu_order":0,"comment_status":"closed","ping_status":"closed","template":"elementor_header_footer","meta":{"_acf_changed":false,"footnotes":""},"class_list":["post-336","page","type-page","status-publish","hentry"],"acf":[],"_links":{"self":[{"href":"https:\/\/artesadesegre.cat\/turisme\/wp-json\/wp\/v2\/pages\/336","targetHints":{"allow":["GET"]}}],"collection":[{"href":"https:\/\/artesadesegre.cat\/turisme\/wp-json\/wp\/v2\/pages"}],"about":[{"href":"https:\/\/artesadesegre.cat\/turisme\/wp-json\/wp\/v2\/types\/page"}],"author":[{"embeddable":true,"href":"https:\/\/artesadesegre.cat\/turisme\/wp-json\/wp\/v2\/users\/2"}],"replies":[{"embeddable":true,"href":"https:\/\/artesadesegre.cat\/turisme\/wp-json\/wp\/v2\/comments?post=336"}],"version-history":[{"count":15,"href":"https:\/\/artesadesegre.cat\/turisme\/wp-json\/wp\/v2\/pages\/336\/revisions"}],"predecessor-version":[{"id":1164,"href":"https:\/\/artesadesegre.cat\/turisme\/wp-json\/wp\/v2\/pages\/336\/revisions\/1164"}],"up":[{"embeddable":true,"href":"https:\/\/artesadesegre.cat\/turisme\/wp-json\/wp\/v2\/pages\/407"}],"wp:attachment":[{"href":"https:\/\/artesadesegre.cat\/turisme\/wp-json\/wp\/v2\/media?parent=336"}],"curies":[{"name":"wp","href":"https:\/\/api.w.org\/{rel}","templated":true}]}}