{"id":1751,"date":"2026-03-24T09:24:04","date_gmt":"2026-03-24T08:24:04","guid":{"rendered":"https:\/\/artesadesegre.cat\/turisme\/?page_id=1751"},"modified":"2026-03-24T09:49:49","modified_gmt":"2026-03-24T08:49:49","slug":"bunquer-al-peu-de-la-serra-de-la-torre-de-laliga","status":"publish","type":"page","link":"https:\/\/artesadesegre.cat\/turisme\/espais-de-memoria\/bunquer-al-peu-de-la-serra-de-la-torre-de-laliga\/","title":{"rendered":"B\u00fanquer al peu de la Serra de la Torre de l\u2019\u00c0liga"},"content":{"rendered":"\t\t<div data-elementor-type=\"wp-page\" data-elementor-id=\"1751\" class=\"elementor elementor-1751\" data-elementor-post-type=\"page\">\n\t\t\t\t<div class=\"elementor-element elementor-element-ca8a7d0 e-flex e-con-boxed e-con e-parent\" data-id=\"ca8a7d0\" data-element_type=\"container\" data-e-type=\"container\">\n\t\t\t\t\t<div class=\"e-con-inner\">\n\t\t<div class=\"elementor-element elementor-element-de95098 e-con-full e-flex e-con e-child\" data-id=\"de95098\" data-element_type=\"container\" data-e-type=\"container\">\n\t\t\t\t<div class=\"elementor-element elementor-element-32f3d1c elementor-widget elementor-widget-text-editor\" data-id=\"32f3d1c\" data-element_type=\"widget\" data-e-type=\"widget\" data-widget_type=\"text-editor.default\">\n\t\t\t\t\t\t\t\t\t<p class=\"p1\">Aquest niu de metralladora formigonat, armat i encofrat amb sacs terrers de roba i de paper (es pot veure l\u2019empremta dels sacs sobre el formig\u00f3 fresc i fins i tot les grapes de ferro que cosien els sacs de paper) cobreix la part baixa de la serra en un punt avan\u00e7at i estrat\u00e8gic. Disposa de dues boques de foc i possiblement estava pensat per poder allotjar dues metralladores que actuessin a la vegada cobrint uns 180 graus.<\/p><p class=\"p1\"><span style=\"font-size: 1rem;\">Estava unit a la trinxera principal que resseguia tota la serra comunicant altres b\u00fanquers i un nombre important de refugis subterranis .<\/span><\/p><p class=\"p1\"><span style=\"font-size: 1rem;\">Acabada la guerra civil aquesta fortificaci\u00f3 es va habilitar com a cisterna on es recollia l\u2019aigua per les necessitats agr\u00edcoles del tros.<\/span><\/p>\t\t\t\t\t\t\t\t<\/div>\n\t\t\t\t<div class=\"elementor-element elementor-element-509161a elementor-widget elementor-widget-image\" data-id=\"509161a\" data-element_type=\"widget\" data-e-type=\"widget\" data-widget_type=\"image.default\">\n\t\t\t\t\t\t\t\t\t\t\t\t\t\t\t<img fetchpriority=\"high\" decoding=\"async\" width=\"800\" height=\"458\" src=\"https:\/\/artesadesegre.cat\/turisme\/wp-content\/uploads\/2026\/03\/MAPA-CINTURO-DARTESA-DE-SEGRE-1024x586.png\" class=\"attachment-large size-large wp-image-1738\" alt=\"\" srcset=\"https:\/\/artesadesegre.cat\/turisme\/wp-content\/uploads\/2026\/03\/MAPA-CINTURO-DARTESA-DE-SEGRE-1024x586.png 1024w, https:\/\/artesadesegre.cat\/turisme\/wp-content\/uploads\/2026\/03\/MAPA-CINTURO-DARTESA-DE-SEGRE-300x172.png 300w, https:\/\/artesadesegre.cat\/turisme\/wp-content\/uploads\/2026\/03\/MAPA-CINTURO-DARTESA-DE-SEGRE-768x440.png 768w, https:\/\/artesadesegre.cat\/turisme\/wp-content\/uploads\/2026\/03\/MAPA-CINTURO-DARTESA-DE-SEGRE-1536x879.png 1536w, https:\/\/artesadesegre.cat\/turisme\/wp-content\/uploads\/2026\/03\/MAPA-CINTURO-DARTESA-DE-SEGRE.png 2000w\" sizes=\"(max-width: 800px) 100vw, 800px\" \/>\t\t\t\t\t\t\t\t\t\t\t\t\t\t\t<\/div>\n\t\t<div class=\"elementor-element elementor-element-4138029 e-con-full e-flex e-con e-child\" data-id=\"4138029\" data-element_type=\"container\" data-e-type=\"container\">\n\t\t\t\t<div class=\"elementor-element elementor-element-44ce47f elementor-align-left elementor-widget elementor-widget-button\" data-id=\"44ce47f\" data-element_type=\"widget\" data-e-type=\"widget\" data-widget_type=\"button.default\">\n\t\t\t\t\t\t\t\t\t\t<a class=\"elementor-button elementor-button-link elementor-size-sm\" href=\"https:\/\/artesadesegre.cat\/turisme\/espais-de-memoria\/\">\n\t\t\t\t\t\t<span class=\"elementor-button-content-wrapper\">\n\t\t\t\t\t\t<span class=\"elementor-button-icon\">\n\t\t\t\t<svg aria-hidden=\"true\" class=\"e-font-icon-svg e-fas-long-arrow-alt-left\" viewBox=\"0 0 448 512\" xmlns=\"http:\/\/www.w3.org\/2000\/svg\"><path d=\"M134.059 296H436c6.627 0 12-5.373 12-12v-56c0-6.627-5.373-12-12-12H134.059v-46.059c0-21.382-25.851-32.09-40.971-16.971L7.029 239.029c-9.373 9.373-9.373 24.569 0 33.941l86.059 86.059c15.119 15.119 40.971 4.411 40.971-16.971V296z\"><\/path><\/svg>\t\t\t<\/span>\n\t\t\t\t\t\t\t\t\t<span class=\"elementor-button-text\">Torna als espais de mem\u00f2ria<\/span>\n\t\t\t\t\t<\/span>\n\t\t\t\t\t<\/a>\n\t\t\t\t\t\t\t\t<\/div>\n\t\t\t\t<\/div>\n\t\t\t\t<\/div>\n\t\t<div class=\"elementor-element elementor-element-de73d17 e-con-full e-flex e-con e-child\" data-id=\"de73d17\" data-element_type=\"container\" data-e-type=\"container\">\n\t\t\t\t<div class=\"elementor-element elementor-element-2e56193 elementor-widget elementor-widget-image\" data-id=\"2e56193\" data-element_type=\"widget\" data-e-type=\"widget\" data-widget_type=\"image.default\">\n\t\t\t\t\t\t\t\t\t\t\t\t\t\t\t<img decoding=\"async\" width=\"2048\" height=\"1536\" src=\"https:\/\/artesadesegre.cat\/turisme\/wp-content\/uploads\/2026\/03\/WhatsApp-Image-2026-03-21-at-13.08.38.jpeg\" class=\"attachment-full size-full wp-image-1634\" alt=\"\" srcset=\"https:\/\/artesadesegre.cat\/turisme\/wp-content\/uploads\/2026\/03\/WhatsApp-Image-2026-03-21-at-13.08.38.jpeg 2048w, https:\/\/artesadesegre.cat\/turisme\/wp-content\/uploads\/2026\/03\/WhatsApp-Image-2026-03-21-at-13.08.38-300x225.jpeg 300w, https:\/\/artesadesegre.cat\/turisme\/wp-content\/uploads\/2026\/03\/WhatsApp-Image-2026-03-21-at-13.08.38-1024x768.jpeg 1024w, https:\/\/artesadesegre.cat\/turisme\/wp-content\/uploads\/2026\/03\/WhatsApp-Image-2026-03-21-at-13.08.38-768x576.jpeg 768w, https:\/\/artesadesegre.cat\/turisme\/wp-content\/uploads\/2026\/03\/WhatsApp-Image-2026-03-21-at-13.08.38-1536x1152.jpeg 1536w\" sizes=\"(max-width: 2048px) 100vw, 2048px\" \/>\t\t\t\t\t\t\t\t\t\t\t\t\t\t\t<\/div>\n\t\t\t\t<div class=\"elementor-element elementor-element-768a8ca elementor-widget elementor-widget-image\" data-id=\"768a8ca\" data-element_type=\"widget\" data-e-type=\"widget\" data-widget_type=\"image.default\">\n\t\t\t\t\t\t\t\t\t\t\t\t\t\t\t<img decoding=\"async\" width=\"509\" height=\"505\" src=\"https:\/\/artesadesegre.cat\/turisme\/wp-content\/uploads\/2026\/03\/Captura-de-pantalla-2026-03-24-092835.png\" class=\"attachment-full size-full wp-image-1760\" alt=\"\" srcset=\"https:\/\/artesadesegre.cat\/turisme\/wp-content\/uploads\/2026\/03\/Captura-de-pantalla-2026-03-24-092835.png 509w, https:\/\/artesadesegre.cat\/turisme\/wp-content\/uploads\/2026\/03\/Captura-de-pantalla-2026-03-24-092835-300x298.png 300w, https:\/\/artesadesegre.cat\/turisme\/wp-content\/uploads\/2026\/03\/Captura-de-pantalla-2026-03-24-092835-150x150.png 150w\" sizes=\"(max-width: 509px) 100vw, 509px\" \/>\t\t\t\t\t\t\t\t\t\t\t\t\t\t\t<\/div>\n\t\t\t\t<div class=\"elementor-element elementor-element-fe6c8c5 elementor-widget elementor-widget-image\" data-id=\"fe6c8c5\" data-element_type=\"widget\" data-e-type=\"widget\" data-widget_type=\"image.default\">\n\t\t\t\t\t\t\t\t\t\t\t\t\t\t\t<img loading=\"lazy\" decoding=\"async\" width=\"1536\" height=\"1536\" src=\"https:\/\/artesadesegre.cat\/turisme\/wp-content\/uploads\/2026\/03\/WhatsApp-Image-2026-03-21-at-13.08.39.jpg\" class=\"attachment-full size-full wp-image-1761\" alt=\"\" srcset=\"https:\/\/artesadesegre.cat\/turisme\/wp-content\/uploads\/2026\/03\/WhatsApp-Image-2026-03-21-at-13.08.39.jpg 1536w, https:\/\/artesadesegre.cat\/turisme\/wp-content\/uploads\/2026\/03\/WhatsApp-Image-2026-03-21-at-13.08.39-300x300.jpg 300w, https:\/\/artesadesegre.cat\/turisme\/wp-content\/uploads\/2026\/03\/WhatsApp-Image-2026-03-21-at-13.08.39-1024x1024.jpg 1024w, https:\/\/artesadesegre.cat\/turisme\/wp-content\/uploads\/2026\/03\/WhatsApp-Image-2026-03-21-at-13.08.39-150x150.jpg 150w, https:\/\/artesadesegre.cat\/turisme\/wp-content\/uploads\/2026\/03\/WhatsApp-Image-2026-03-21-at-13.08.39-768x768.jpg 768w\" sizes=\"(max-width: 1536px) 100vw, 1536px\" \/>\t\t\t\t\t\t\t\t\t\t\t\t\t\t\t<\/div>\n\t\t\t\t<\/div>\n\t\t\t\t\t<\/div>\n\t\t\t\t<\/div>\n\t\t\t\t<\/div>\n\t\t","protected":false},"excerpt":{"rendered":"<p>Aquest niu de metralladora formigonat, armat i encofrat amb sacs terrers de roba i de paper (es pot veure l\u2019empremta dels sacs sobre el formig\u00f3 fresc i fins i tot les grapes de ferro que cosien els sacs de paper) cobreix la part baixa de la serra en un punt avan\u00e7at i estrat\u00e8gic. Disposa de [&hellip;]<\/p>\n","protected":false},"author":2,"featured_media":0,"parent":1430,"menu_order":0,"comment_status":"closed","ping_status":"closed","template":"","meta":{"_acf_changed":false,"footnotes":""},"class_list":["post-1751","page","type-page","status-publish","hentry"],"acf":[],"_links":{"self":[{"href":"https:\/\/artesadesegre.cat\/turisme\/wp-json\/wp\/v2\/pages\/1751","targetHints":{"allow":["GET"]}}],"collection":[{"href":"https:\/\/artesadesegre.cat\/turisme\/wp-json\/wp\/v2\/pages"}],"about":[{"href":"https:\/\/artesadesegre.cat\/turisme\/wp-json\/wp\/v2\/types\/page"}],"author":[{"embeddable":true,"href":"https:\/\/artesadesegre.cat\/turisme\/wp-json\/wp\/v2\/users\/2"}],"replies":[{"embeddable":true,"href":"https:\/\/artesadesegre.cat\/turisme\/wp-json\/wp\/v2\/comments?post=1751"}],"version-history":[{"count":16,"href":"https:\/\/artesadesegre.cat\/turisme\/wp-json\/wp\/v2\/pages\/1751\/revisions"}],"predecessor-version":[{"id":1807,"href":"https:\/\/artesadesegre.cat\/turisme\/wp-json\/wp\/v2\/pages\/1751\/revisions\/1807"}],"up":[{"embeddable":true,"href":"https:\/\/artesadesegre.cat\/turisme\/wp-json\/wp\/v2\/pages\/1430"}],"wp:attachment":[{"href":"https:\/\/artesadesegre.cat\/turisme\/wp-json\/wp\/v2\/media?parent=1751"}],"curies":[{"name":"wp","href":"https:\/\/api.w.org\/{rel}","templated":true}]}}