{"id":1717,"date":"2026-03-24T09:02:10","date_gmt":"2026-03-24T08:02:10","guid":{"rendered":"https:\/\/artesadesegre.cat\/turisme\/?page_id=1717"},"modified":"2026-03-24T09:50:06","modified_gmt":"2026-03-24T08:50:06","slug":"bunquer-del-lledoner","status":"publish","type":"page","link":"https:\/\/artesadesegre.cat\/turisme\/espais-de-memoria\/bunquer-del-lledoner\/","title":{"rendered":"B\u00fanquer del Lledoner"},"content":{"rendered":"\t\t<div data-elementor-type=\"wp-page\" data-elementor-id=\"1717\" class=\"elementor elementor-1717\" data-elementor-post-type=\"page\">\n\t\t\t\t<div class=\"elementor-element elementor-element-d6c8a76 e-flex e-con-boxed e-con e-parent\" data-id=\"d6c8a76\" data-element_type=\"container\" data-e-type=\"container\">\n\t\t\t\t\t<div class=\"e-con-inner\">\n\t\t<div class=\"elementor-element elementor-element-3f0ae4e e-con-full e-flex e-con e-child\" data-id=\"3f0ae4e\" data-element_type=\"container\" data-e-type=\"container\">\n\t\t\t\t<div class=\"elementor-element elementor-element-051461c elementor-widget elementor-widget-text-editor\" data-id=\"051461c\" data-element_type=\"widget\" data-e-type=\"widget\" data-widget_type=\"text-editor.default\">\n\t\t\t\t\t\t\t\t\t<p class=\"p1\">Niu de metralladora formigonat i armat amb ferro pensat per a creuar focs amb el B\u00fanquer del Pi cobrint la carretera d\u2019Agramunt sense deixar espais per on l\u2019enemic pogu\u00e9s avan\u00e7ar de forma segura. Les dues fortificacions estaven connectades amb un trinxera cont\u00ednua de comunicaci\u00f3 i de combat.<\/p><p class=\"p1\"><br \/>L\u2019entrada, com en tots els casos, \u00e9s en forma de quatre per evitar l\u2019efecte de la metralla i dissipar l\u2019ona expansiva en cas d\u2019una explosi\u00f3 a les proximitats. En el seu interior conserva restes de la taula de formig\u00f3 on s\u2019assentaria el tr\u00edpode de la metralladora i els armaris per a la munici\u00f3. Tamb\u00e9 podem observar, en el sostre i parets, l\u2019impacte de metralla provocada per l\u2019explosi\u00f3 d\u2019una bomba de m\u00e0. En l\u2019excavaci\u00f3 arqueol\u00f2gica realitzada l\u2019any 2010 es va localitzar en el seu interior la metralla de la granada de m\u00e0.<\/p>\t\t\t\t\t\t\t\t<\/div>\n\t\t\t\t<div class=\"elementor-element elementor-element-3be89be elementor-widget elementor-widget-image\" data-id=\"3be89be\" data-element_type=\"widget\" data-e-type=\"widget\" data-widget_type=\"image.default\">\n\t\t\t\t\t\t\t\t\t\t\t\t\t\t\t<img fetchpriority=\"high\" decoding=\"async\" width=\"800\" height=\"458\" src=\"https:\/\/artesadesegre.cat\/turisme\/wp-content\/uploads\/2026\/03\/MAPA-CINTURO-DARTESA-DE-SEGRE-1024x586.png\" class=\"attachment-large size-large wp-image-1738\" alt=\"\" srcset=\"https:\/\/artesadesegre.cat\/turisme\/wp-content\/uploads\/2026\/03\/MAPA-CINTURO-DARTESA-DE-SEGRE-1024x586.png 1024w, https:\/\/artesadesegre.cat\/turisme\/wp-content\/uploads\/2026\/03\/MAPA-CINTURO-DARTESA-DE-SEGRE-300x172.png 300w, https:\/\/artesadesegre.cat\/turisme\/wp-content\/uploads\/2026\/03\/MAPA-CINTURO-DARTESA-DE-SEGRE-768x440.png 768w, https:\/\/artesadesegre.cat\/turisme\/wp-content\/uploads\/2026\/03\/MAPA-CINTURO-DARTESA-DE-SEGRE-1536x879.png 1536w, https:\/\/artesadesegre.cat\/turisme\/wp-content\/uploads\/2026\/03\/MAPA-CINTURO-DARTESA-DE-SEGRE.png 2000w\" sizes=\"(max-width: 800px) 100vw, 800px\" \/>\t\t\t\t\t\t\t\t\t\t\t\t\t\t\t<\/div>\n\t\t\t\t<div class=\"elementor-element elementor-element-2a814ea elementor-align-left elementor-widget elementor-widget-button\" data-id=\"2a814ea\" data-element_type=\"widget\" data-e-type=\"widget\" data-widget_type=\"button.default\">\n\t\t\t\t\t\t\t\t\t\t<a class=\"elementor-button elementor-button-link elementor-size-sm\" href=\"https:\/\/artesadesegre.cat\/turisme\/espais-de-memoria\/\">\n\t\t\t\t\t\t<span class=\"elementor-button-content-wrapper\">\n\t\t\t\t\t\t<span class=\"elementor-button-icon\">\n\t\t\t\t<svg aria-hidden=\"true\" class=\"e-font-icon-svg e-fas-long-arrow-alt-left\" viewBox=\"0 0 448 512\" xmlns=\"http:\/\/www.w3.org\/2000\/svg\"><path d=\"M134.059 296H436c6.627 0 12-5.373 12-12v-56c0-6.627-5.373-12-12-12H134.059v-46.059c0-21.382-25.851-32.09-40.971-16.971L7.029 239.029c-9.373 9.373-9.373 24.569 0 33.941l86.059 86.059c15.119 15.119 40.971 4.411 40.971-16.971V296z\"><\/path><\/svg>\t\t\t<\/span>\n\t\t\t\t\t\t\t\t\t<span class=\"elementor-button-text\">Torna als espais de mem\u00f2ria<\/span>\n\t\t\t\t\t<\/span>\n\t\t\t\t\t<\/a>\n\t\t\t\t\t\t\t\t<\/div>\n\t\t\t\t<\/div>\n\t\t<div class=\"elementor-element elementor-element-f373afe e-con-full e-flex e-con e-child\" data-id=\"f373afe\" data-element_type=\"container\" data-e-type=\"container\">\n\t\t\t\t<div class=\"elementor-element elementor-element-fa6037d elementor-widget elementor-widget-image\" data-id=\"fa6037d\" data-element_type=\"widget\" data-e-type=\"widget\" data-widget_type=\"image.default\">\n\t\t\t\t\t\t\t\t\t\t\t\t\t\t\t<img decoding=\"async\" width=\"2048\" height=\"1536\" src=\"https:\/\/artesadesegre.cat\/turisme\/wp-content\/uploads\/2026\/03\/WhatsApp-Image-2026-03-21-at-13.09.41.jpeg\" class=\"attachment-full size-full wp-image-1633\" alt=\"\" srcset=\"https:\/\/artesadesegre.cat\/turisme\/wp-content\/uploads\/2026\/03\/WhatsApp-Image-2026-03-21-at-13.09.41.jpeg 2048w, https:\/\/artesadesegre.cat\/turisme\/wp-content\/uploads\/2026\/03\/WhatsApp-Image-2026-03-21-at-13.09.41-300x225.jpeg 300w, https:\/\/artesadesegre.cat\/turisme\/wp-content\/uploads\/2026\/03\/WhatsApp-Image-2026-03-21-at-13.09.41-1024x768.jpeg 1024w, https:\/\/artesadesegre.cat\/turisme\/wp-content\/uploads\/2026\/03\/WhatsApp-Image-2026-03-21-at-13.09.41-768x576.jpeg 768w, https:\/\/artesadesegre.cat\/turisme\/wp-content\/uploads\/2026\/03\/WhatsApp-Image-2026-03-21-at-13.09.41-1536x1152.jpeg 1536w\" sizes=\"(max-width: 2048px) 100vw, 2048px\" \/>\t\t\t\t\t\t\t\t\t\t\t\t\t\t\t<\/div>\n\t\t\t\t<div class=\"elementor-element elementor-element-a49bb6b elementor-widget elementor-widget-image\" data-id=\"a49bb6b\" data-element_type=\"widget\" data-e-type=\"widget\" data-widget_type=\"image.default\">\n\t\t\t\t\t\t\t\t\t\t\t\t\t\t\t<img decoding=\"async\" width=\"635\" height=\"436\" src=\"https:\/\/artesadesegre.cat\/turisme\/wp-content\/uploads\/2026\/03\/Captura-de-pantalla-2026-03-24-090555.png\" class=\"attachment-full size-full wp-image-1721\" alt=\"\" srcset=\"https:\/\/artesadesegre.cat\/turisme\/wp-content\/uploads\/2026\/03\/Captura-de-pantalla-2026-03-24-090555.png 635w, https:\/\/artesadesegre.cat\/turisme\/wp-content\/uploads\/2026\/03\/Captura-de-pantalla-2026-03-24-090555-300x206.png 300w\" sizes=\"(max-width: 635px) 100vw, 635px\" \/>\t\t\t\t\t\t\t\t\t\t\t\t\t\t\t<\/div>\n\t\t\t\t<div class=\"elementor-element elementor-element-47cc592 elementor-widget elementor-widget-image\" data-id=\"47cc592\" data-element_type=\"widget\" data-e-type=\"widget\" data-widget_type=\"image.default\">\n\t\t\t\t\t\t\t\t\t\t\t\t\t\t\t<img loading=\"lazy\" decoding=\"async\" width=\"2048\" height=\"1536\" src=\"https:\/\/artesadesegre.cat\/turisme\/wp-content\/uploads\/2026\/03\/WhatsApp-Image-2026-03-21-at-13.09.42.jpeg\" class=\"attachment-full size-full wp-image-1720\" alt=\"\" srcset=\"https:\/\/artesadesegre.cat\/turisme\/wp-content\/uploads\/2026\/03\/WhatsApp-Image-2026-03-21-at-13.09.42.jpeg 2048w, https:\/\/artesadesegre.cat\/turisme\/wp-content\/uploads\/2026\/03\/WhatsApp-Image-2026-03-21-at-13.09.42-300x225.jpeg 300w, https:\/\/artesadesegre.cat\/turisme\/wp-content\/uploads\/2026\/03\/WhatsApp-Image-2026-03-21-at-13.09.42-1024x768.jpeg 1024w, https:\/\/artesadesegre.cat\/turisme\/wp-content\/uploads\/2026\/03\/WhatsApp-Image-2026-03-21-at-13.09.42-768x576.jpeg 768w, https:\/\/artesadesegre.cat\/turisme\/wp-content\/uploads\/2026\/03\/WhatsApp-Image-2026-03-21-at-13.09.42-1536x1152.jpeg 1536w\" sizes=\"(max-width: 2048px) 100vw, 2048px\" \/>\t\t\t\t\t\t\t\t\t\t\t\t\t\t\t<\/div>\n\t\t\t\t<\/div>\n\t\t\t\t\t<\/div>\n\t\t\t\t<\/div>\n\t\t\t\t<\/div>\n\t\t","protected":false},"excerpt":{"rendered":"<p>Niu de metralladora formigonat i armat amb ferro pensat per a creuar focs amb el B\u00fanquer del Pi cobrint la carretera d\u2019Agramunt sense deixar espais per on l\u2019enemic pogu\u00e9s avan\u00e7ar de forma segura. Les dues fortificacions estaven connectades amb un trinxera cont\u00ednua de comunicaci\u00f3 i de combat. L\u2019entrada, com en tots els casos, \u00e9s en [&hellip;]<\/p>\n","protected":false},"author":2,"featured_media":0,"parent":1430,"menu_order":0,"comment_status":"closed","ping_status":"closed","template":"","meta":{"_acf_changed":false,"footnotes":""},"class_list":["post-1717","page","type-page","status-publish","hentry"],"acf":[],"_links":{"self":[{"href":"https:\/\/artesadesegre.cat\/turisme\/wp-json\/wp\/v2\/pages\/1717","targetHints":{"allow":["GET"]}}],"collection":[{"href":"https:\/\/artesadesegre.cat\/turisme\/wp-json\/wp\/v2\/pages"}],"about":[{"href":"https:\/\/artesadesegre.cat\/turisme\/wp-json\/wp\/v2\/types\/page"}],"author":[{"embeddable":true,"href":"https:\/\/artesadesegre.cat\/turisme\/wp-json\/wp\/v2\/users\/2"}],"replies":[{"embeddable":true,"href":"https:\/\/artesadesegre.cat\/turisme\/wp-json\/wp\/v2\/comments?post=1717"}],"version-history":[{"count":16,"href":"https:\/\/artesadesegre.cat\/turisme\/wp-json\/wp\/v2\/pages\/1717\/revisions"}],"predecessor-version":[{"id":1810,"href":"https:\/\/artesadesegre.cat\/turisme\/wp-json\/wp\/v2\/pages\/1717\/revisions\/1810"}],"up":[{"embeddable":true,"href":"https:\/\/artesadesegre.cat\/turisme\/wp-json\/wp\/v2\/pages\/1430"}],"wp:attachment":[{"href":"https:\/\/artesadesegre.cat\/turisme\/wp-json\/wp\/v2\/media?parent=1717"}],"curies":[{"name":"wp","href":"https:\/\/api.w.org\/{rel}","templated":true}]}}