{"id":1696,"date":"2026-03-24T08:46:11","date_gmt":"2026-03-24T07:46:11","guid":{"rendered":"https:\/\/artesadesegre.cat\/turisme\/?page_id=1696"},"modified":"2026-03-24T09:49:33","modified_gmt":"2026-03-24T08:49:33","slug":"bunquer-del-pi","status":"publish","type":"page","link":"https:\/\/artesadesegre.cat\/turisme\/espais-de-memoria\/bunquer-del-pi\/","title":{"rendered":"B\u00fanquer del pi"},"content":{"rendered":"\t\t<div data-elementor-type=\"wp-page\" data-elementor-id=\"1696\" class=\"elementor elementor-1696\" data-elementor-post-type=\"page\">\n\t\t\t\t<div class=\"elementor-element elementor-element-ee23cbd e-flex e-con-boxed e-con e-parent\" data-id=\"ee23cbd\" data-element_type=\"container\" data-e-type=\"container\">\n\t\t\t\t\t<div class=\"e-con-inner\">\n\t\t<div class=\"elementor-element elementor-element-ee1d031 e-con-full e-flex e-con e-child\" data-id=\"ee1d031\" data-element_type=\"container\" data-e-type=\"container\">\n\t\t\t\t<div class=\"elementor-element elementor-element-dc47fc6 elementor-widget elementor-widget-text-editor\" data-id=\"dc47fc6\" data-element_type=\"widget\" data-e-type=\"widget\" data-widget_type=\"text-editor.default\">\n\t\t\t\t\t\t\t\t\t<p class=\"p1\">Aquesta impressionat fortificaci\u00f3 \u00e9s un niu de metralladora formigonat, armat amb ferro i encofrat amb sacs terrers. Estava connectat directament amb una trinxera cont\u00ednua que enlla\u00e7ava altres fortificacions amb un refugi subterrani situat al nord de la fortificaci\u00f3.<\/p><p class=\"p1\"><br \/>Est\u00e0 pensat per a allotjar-hi una metralladora i els seus servidors juntament amb la munici\u00f3 necess\u00e0ria que es podria guardar en uns armaris encastats en el mur de formig\u00f3 situats a l\u2019entrada de la fortificaci\u00f3. Disposa de dues boques de foc que encara conserven part dels encofrats de fusta que no es retiraven per evitar el rebot de les bales en cas d\u2019atac contra la posici\u00f3.<\/p><p class=\"p1\"><br \/>En el seu interior conserva la inscripci\u00f3 BD N\u00ba 2 (Batall\u00f3n Disciplinario n\u00famero 2), unitat republicana de fortificaci\u00f3 formada per presoners franquistes encarregada de la construcci\u00f3 de bona part del Cintur\u00f3 Defensiu d\u2019Artesa de Segre.<\/p>\t\t\t\t\t\t\t\t<\/div>\n\t\t\t\t<div class=\"elementor-element elementor-element-a3684e1 elementor-widget elementor-widget-image\" data-id=\"a3684e1\" data-element_type=\"widget\" data-e-type=\"widget\" data-widget_type=\"image.default\">\n\t\t\t\t\t\t\t\t\t\t\t\t\t\t\t<img fetchpriority=\"high\" decoding=\"async\" width=\"800\" height=\"458\" src=\"https:\/\/artesadesegre.cat\/turisme\/wp-content\/uploads\/2026\/03\/MAPA-CINTURO-DARTESA-DE-SEGRE-1024x586.png\" class=\"attachment-large size-large wp-image-1738\" alt=\"\" srcset=\"https:\/\/artesadesegre.cat\/turisme\/wp-content\/uploads\/2026\/03\/MAPA-CINTURO-DARTESA-DE-SEGRE-1024x586.png 1024w, https:\/\/artesadesegre.cat\/turisme\/wp-content\/uploads\/2026\/03\/MAPA-CINTURO-DARTESA-DE-SEGRE-300x172.png 300w, https:\/\/artesadesegre.cat\/turisme\/wp-content\/uploads\/2026\/03\/MAPA-CINTURO-DARTESA-DE-SEGRE-768x440.png 768w, https:\/\/artesadesegre.cat\/turisme\/wp-content\/uploads\/2026\/03\/MAPA-CINTURO-DARTESA-DE-SEGRE-1536x879.png 1536w, https:\/\/artesadesegre.cat\/turisme\/wp-content\/uploads\/2026\/03\/MAPA-CINTURO-DARTESA-DE-SEGRE.png 2000w\" sizes=\"(max-width: 800px) 100vw, 800px\" \/>\t\t\t\t\t\t\t\t\t\t\t\t\t\t\t<\/div>\n\t\t\t\t<div class=\"elementor-element elementor-element-06417c1 elementor-align-left elementor-widget elementor-widget-button\" data-id=\"06417c1\" data-element_type=\"widget\" data-e-type=\"widget\" data-widget_type=\"button.default\">\n\t\t\t\t\t\t\t\t\t\t<a class=\"elementor-button elementor-button-link elementor-size-sm\" href=\"https:\/\/artesadesegre.cat\/turisme\/espais-de-memoria\/\">\n\t\t\t\t\t\t<span class=\"elementor-button-content-wrapper\">\n\t\t\t\t\t\t<span class=\"elementor-button-icon\">\n\t\t\t\t<svg aria-hidden=\"true\" class=\"e-font-icon-svg e-fas-long-arrow-alt-left\" viewBox=\"0 0 448 512\" xmlns=\"http:\/\/www.w3.org\/2000\/svg\"><path d=\"M134.059 296H436c6.627 0 12-5.373 12-12v-56c0-6.627-5.373-12-12-12H134.059v-46.059c0-21.382-25.851-32.09-40.971-16.971L7.029 239.029c-9.373 9.373-9.373 24.569 0 33.941l86.059 86.059c15.119 15.119 40.971 4.411 40.971-16.971V296z\"><\/path><\/svg>\t\t\t<\/span>\n\t\t\t\t\t\t\t\t\t<span class=\"elementor-button-text\">Torna als espais de mem\u00f2ria<\/span>\n\t\t\t\t\t<\/span>\n\t\t\t\t\t<\/a>\n\t\t\t\t\t\t\t\t<\/div>\n\t\t\t\t<\/div>\n\t\t<div class=\"elementor-element elementor-element-122a98f e-con-full e-flex e-con e-child\" data-id=\"122a98f\" data-element_type=\"container\" data-e-type=\"container\">\n\t\t\t\t<div class=\"elementor-element elementor-element-e59da99 elementor-widget elementor-widget-image\" data-id=\"e59da99\" data-element_type=\"widget\" data-e-type=\"widget\" data-widget_type=\"image.default\">\n\t\t\t\t\t\t\t\t\t\t\t\t\t\t\t<img decoding=\"async\" width=\"1536\" height=\"2048\" src=\"https:\/\/artesadesegre.cat\/turisme\/wp-content\/uploads\/2026\/03\/WhatsApp-Image-2026-03-21-at-13.11.06.jpeg\" class=\"attachment-full size-full wp-image-1632\" alt=\"\" srcset=\"https:\/\/artesadesegre.cat\/turisme\/wp-content\/uploads\/2026\/03\/WhatsApp-Image-2026-03-21-at-13.11.06.jpeg 1536w, https:\/\/artesadesegre.cat\/turisme\/wp-content\/uploads\/2026\/03\/WhatsApp-Image-2026-03-21-at-13.11.06-225x300.jpeg 225w, https:\/\/artesadesegre.cat\/turisme\/wp-content\/uploads\/2026\/03\/WhatsApp-Image-2026-03-21-at-13.11.06-768x1024.jpeg 768w, https:\/\/artesadesegre.cat\/turisme\/wp-content\/uploads\/2026\/03\/WhatsApp-Image-2026-03-21-at-13.11.06-1152x1536.jpeg 1152w\" sizes=\"(max-width: 1536px) 100vw, 1536px\" \/>\t\t\t\t\t\t\t\t\t\t\t\t\t\t\t<\/div>\n\t\t\t\t<div class=\"elementor-element elementor-element-40ca2c3 elementor-widget elementor-widget-image\" data-id=\"40ca2c3\" data-element_type=\"widget\" data-e-type=\"widget\" data-widget_type=\"image.default\">\n\t\t\t\t\t\t\t\t\t\t\t\t\t\t\t<img decoding=\"async\" width=\"1200\" height=\"1600\" src=\"https:\/\/artesadesegre.cat\/turisme\/wp-content\/uploads\/2026\/03\/WhatsApp-Image-2026-03-18-at-12.33.56.jpeg\" class=\"attachment-full size-full wp-image-1496\" alt=\"\" srcset=\"https:\/\/artesadesegre.cat\/turisme\/wp-content\/uploads\/2026\/03\/WhatsApp-Image-2026-03-18-at-12.33.56.jpeg 1200w, https:\/\/artesadesegre.cat\/turisme\/wp-content\/uploads\/2026\/03\/WhatsApp-Image-2026-03-18-at-12.33.56-225x300.jpeg 225w, https:\/\/artesadesegre.cat\/turisme\/wp-content\/uploads\/2026\/03\/WhatsApp-Image-2026-03-18-at-12.33.56-768x1024.jpeg 768w, https:\/\/artesadesegre.cat\/turisme\/wp-content\/uploads\/2026\/03\/WhatsApp-Image-2026-03-18-at-12.33.56-1152x1536.jpeg 1152w\" sizes=\"(max-width: 1200px) 100vw, 1200px\" \/>\t\t\t\t\t\t\t\t\t\t\t\t\t\t\t<\/div>\n\t\t\t\t<\/div>\n\t\t\t\t\t<\/div>\n\t\t\t\t<\/div>\n\t\t\t\t<\/div>\n\t\t","protected":false},"excerpt":{"rendered":"<p>Aquesta impressionat fortificaci\u00f3 \u00e9s un niu de metralladora formigonat, armat amb ferro i encofrat amb sacs terrers. Estava connectat directament amb una trinxera cont\u00ednua que enlla\u00e7ava altres fortificacions amb un refugi subterrani situat al nord de la fortificaci\u00f3. Est\u00e0 pensat per a allotjar-hi una metralladora i els seus servidors juntament amb la munici\u00f3 necess\u00e0ria que [&hellip;]<\/p>\n","protected":false},"author":2,"featured_media":0,"parent":1430,"menu_order":0,"comment_status":"closed","ping_status":"closed","template":"","meta":{"_acf_changed":false,"footnotes":""},"class_list":["post-1696","page","type-page","status-publish","hentry"],"acf":[],"_links":{"self":[{"href":"https:\/\/artesadesegre.cat\/turisme\/wp-json\/wp\/v2\/pages\/1696","targetHints":{"allow":["GET"]}}],"collection":[{"href":"https:\/\/artesadesegre.cat\/turisme\/wp-json\/wp\/v2\/pages"}],"about":[{"href":"https:\/\/artesadesegre.cat\/turisme\/wp-json\/wp\/v2\/types\/page"}],"author":[{"embeddable":true,"href":"https:\/\/artesadesegre.cat\/turisme\/wp-json\/wp\/v2\/users\/2"}],"replies":[{"embeddable":true,"href":"https:\/\/artesadesegre.cat\/turisme\/wp-json\/wp\/v2\/comments?post=1696"}],"version-history":[{"count":31,"href":"https:\/\/artesadesegre.cat\/turisme\/wp-json\/wp\/v2\/pages\/1696\/revisions"}],"predecessor-version":[{"id":1804,"href":"https:\/\/artesadesegre.cat\/turisme\/wp-json\/wp\/v2\/pages\/1696\/revisions\/1804"}],"up":[{"embeddable":true,"href":"https:\/\/artesadesegre.cat\/turisme\/wp-json\/wp\/v2\/pages\/1430"}],"wp:attachment":[{"href":"https:\/\/artesadesegre.cat\/turisme\/wp-json\/wp\/v2\/media?parent=1696"}],"curies":[{"name":"wp","href":"https:\/\/api.w.org\/{rel}","templated":true}]}}