{"id":1430,"date":"2026-03-18T11:13:06","date_gmt":"2026-03-18T10:13:06","guid":{"rendered":"https:\/\/artesadesegre.cat\/turisme\/?page_id=1430"},"modified":"2026-03-24T10:06:26","modified_gmt":"2026-03-24T09:06:26","slug":"espais-de-memoria","status":"publish","type":"page","link":"https:\/\/artesadesegre.cat\/turisme\/espais-de-memoria\/","title":{"rendered":"Espais de mem\u00f2ria"},"content":{"rendered":"\t\t<div data-elementor-type=\"wp-page\" data-elementor-id=\"1430\" class=\"elementor elementor-1430\" data-elementor-post-type=\"page\">\n\t\t\t\t<div class=\"elementor-element elementor-element-206e2df e-flex e-con-boxed e-con e-parent\" data-id=\"206e2df\" data-element_type=\"container\" data-e-type=\"container\">\n\t\t\t\t\t<div class=\"e-con-inner\">\n\t\t<div class=\"elementor-element elementor-element-08c6c6b e-con-full e-flex e-con e-child\" data-id=\"08c6c6b\" data-element_type=\"container\" data-e-type=\"container\">\n\t\t\t\t<div class=\"elementor-element elementor-element-3afae6c elementor-widget elementor-widget-heading\" data-id=\"3afae6c\" data-element_type=\"widget\" data-e-type=\"widget\" data-widget_type=\"heading.default\">\n\t\t\t\t\t<h4 class=\"elementor-heading-title elementor-size-default\">Les fortificacions del Cintur\u00f3 Defensiu d'Artesa de Segre<\/h4>\t\t\t\t<\/div>\n\t\t\t\t<div class=\"elementor-element elementor-element-34c5288 elementor-widget elementor-widget-text-editor\" data-id=\"34c5288\" data-element_type=\"widget\" data-e-type=\"widget\" data-widget_type=\"text-editor.default\">\n\t\t\t\t\t\t\t\t\t<p><span style=\"font-size: 12.0pt; font-family: 'Arial',sans-serif;\">El paisatge que avui s\u2019obre davant nostre a Artesa de Segre \u2014ser\u00e8, agr\u00edcola i aparentment tranquil\u2014 va ser l\u2019any 1938 un escenari estrat\u00e8gic de primer ordre dins la Guerra Civil.<\/span><\/p><p><span style=\"font-size: 12.0pt; font-family: 'Arial',sans-serif;\">La seva posici\u00f3 com a cru\u00eflla natural de comunicacions, amb connexions cap al Pirineu i Fran\u00e7a, cap a la plana de Lleida i Barcelona, i cap a la primera l\u00ednia del front, va convertir el municipi en una pe\u00e7a clau dins el sistema defensiu de l\u2019Ex\u00e8rcit de la Rep\u00fablica. En aquest context es va impulsar la construcci\u00f3 d\u2019un important conjunt de fortificacions que avui coneixem com el Cintur\u00f3 Defensiu d\u2019Artesa de Segre.<\/span><\/p><p><span style=\"font-size: 12.0pt; font-family: 'Arial',sans-serif;\">Trinxeres excavades a la roca, nius de metralladora formigonats i refugis soterrats configuren aquest sistema defensiu, constru\u00eft a partir de la primavera de 1938 per presoners del Batall\u00f3 Disciplinari n\u00famero 2, amb base al municipi. Malgrat l\u2019esfor\u00e7 t\u00e8cnic i hum\u00e0 que va suposar aquesta obra d\u2019enginyeria militar, les defenses no van poder resistir l\u2019aven\u00e7 de les tropes franquistes.<\/span><\/p><p><span style=\"font-size: 12.0pt; font-family: 'Arial',sans-serif;\">Amb el pas del temps, el paisatge va recuperar la calma i l\u2019activitat agr\u00edcola va tornar a modelar el territori. Tanmateix, aquestes estructures han rom\u00e0s en silenci durant d\u00e8cades, com a testimonis materials d\u2019un dels episodis m\u00e9s intensos de la nostra hist\u00f2ria recent.<\/span><\/p><p><span style=\"font-size: 12.0pt; font-family: 'Arial',sans-serif;\">Avui, gr\u00e0cies al projecte de recuperaci\u00f3 i senyalitzaci\u00f3 impulsat a la Serra de la Torre de l\u2019\u00c0liga, aquest patrimoni es posa a l\u2019abast de tothom.<br \/><\/span><\/p>\t\t\t\t\t\t\t\t<\/div>\n\t\t\t\t<\/div>\n\t\t<div class=\"elementor-element elementor-element-bed6b01 e-con-full e-flex e-con e-child\" data-id=\"bed6b01\" data-element_type=\"container\" data-e-type=\"container\">\n\t\t\t\t<div class=\"elementor-element elementor-element-79bf2c5 elementor-widget elementor-widget-video\" data-id=\"79bf2c5\" data-element_type=\"widget\" data-e-type=\"widget\" data-settings=\"{&quot;youtube_url&quot;:&quot;https:\\\/\\\/youtube.com\\\/shorts\\\/TQ-aVRZpmD0&quot;,&quot;video_type&quot;:&quot;youtube&quot;,&quot;controls&quot;:&quot;yes&quot;}\" data-widget_type=\"video.default\">\n\t\t\t\t\t\t\t<div class=\"elementor-wrapper elementor-open-inline\">\n\t\t\t<div class=\"elementor-video\"><\/div>\t\t<\/div>\n\t\t\t\t\t\t<\/div>\n\t\t\t\t<div class=\"elementor-element elementor-element-085b288 elementor-widget elementor-widget-text-editor\" data-id=\"085b288\" data-element_type=\"widget\" data-e-type=\"widget\" data-widget_type=\"text-editor.default\">\n\t\t\t\t\t\t\t\t\t<p><span style=\"font-size: 12.0pt; font-family: 'Arial',sans-serif;\">L\u2019itinerari permet descobrir i interpretar diversos elements conservats, facilitant la comprensi\u00f3 del context hist\u00f2ric i del paper que va jugar Artesa de Segre durant el conflicte.<\/span><\/p><p><span style=\"font-size: 12.0pt; font-family: 'Arial',sans-serif;\">Aquest Espai de Mem\u00f2ria Democr\u00e0tica convida a caminar pel territori amb una mirada nova: per entendre, recordar i preservar la mem\u00f2ria col\u00b7lectiva. Una proposta que combina paisatge, patrimoni i reflexi\u00f3, i que permet redescobrir Artesa de Segre des d\u2019una perspectiva hist\u00f2rica i humana.<\/span><\/p>\t\t\t\t\t\t\t\t<\/div>\n\t\t\t\t<\/div>\n\t\t\t\t\t<\/div>\n\t\t\t\t<\/div>\n\t\t<div class=\"elementor-element elementor-element-4910bb5 e-flex e-con-boxed e-con e-parent\" data-id=\"4910bb5\" data-element_type=\"container\" data-e-type=\"container\">\n\t\t\t\t\t<div class=\"e-con-inner\">\n\t\t<div class=\"elementor-element elementor-element-ad8a745 e-con-full e-flex e-con e-child\" data-id=\"ad8a745\" data-element_type=\"container\" data-e-type=\"container\">\n\t\t\t\t<div class=\"elementor-element elementor-element-bb728cc elementor-align-justify elementor-widget elementor-widget-button\" data-id=\"bb728cc\" data-element_type=\"widget\" data-e-type=\"widget\" data-widget_type=\"button.default\">\n\t\t\t\t\t\t\t\t\t\t<a class=\"elementor-button elementor-button-link elementor-size-sm\" href=\"https:\/\/artesadesegre.cat\/turisme\/wp-content\/uploads\/2026\/03\/MAPA-CINTURO-DARTESA-DE-SEGRE.pdf\">\n\t\t\t\t\t\t<span class=\"elementor-button-content-wrapper\">\n\t\t\t\t\t\t\t\t\t<span class=\"elementor-button-text\">Descarrega't el mapa<\/span>\n\t\t\t\t\t<\/span>\n\t\t\t\t\t<\/a>\n\t\t\t\t\t\t\t\t<\/div>\n\t\t\t\t<\/div>\n\t\t<div class=\"elementor-element elementor-element-da92015 e-con-full e-flex e-con e-child\" data-id=\"da92015\" data-element_type=\"container\" data-e-type=\"container\">\n\t\t\t\t<div class=\"elementor-element elementor-element-6692bc5 elementor-align-justify elementor-widget elementor-widget-button\" data-id=\"6692bc5\" data-element_type=\"widget\" data-e-type=\"widget\" data-widget_type=\"button.default\">\n\t\t\t\t\t\t\t\t\t\t<a class=\"elementor-button elementor-size-sm\" role=\"button\">\n\t\t\t\t\t\t<span class=\"elementor-button-content-wrapper\">\n\t\t\t\t\t\t\t\t\t<span class=\"elementor-button-text\">Descarrega't el d\u00edptic<\/span>\n\t\t\t\t\t<\/span>\n\t\t\t\t\t<\/a>\n\t\t\t\t\t\t\t\t<\/div>\n\t\t\t\t<\/div>\n\t\t\t\t\t<\/div>\n\t\t\t\t<\/div>\n\t\t<div class=\"elementor-element elementor-element-6b03360 e-flex e-con-boxed e-con e-parent\" data-id=\"6b03360\" data-element_type=\"container\" data-e-type=\"container\">\n\t\t\t\t\t<div class=\"e-con-inner\">\n\t\t<div class=\"elementor-element elementor-element-d137d21 e-con-full e-flex e-con e-child\" data-id=\"d137d21\" data-element_type=\"container\" data-e-type=\"container\">\n\t\t\t\t<div class=\"elementor-element elementor-element-66c9314 elementor-cta--valign-top elementor-cta--layout-image-above elementor-cta--skin-classic elementor-animated-content elementor-widget elementor-widget-call-to-action\" data-id=\"66c9314\" data-element_type=\"widget\" data-e-type=\"widget\" data-widget_type=\"call-to-action.default\">\n\t\t\t\t\t\t\t<a class=\"elementor-cta\" href=\"https:\/\/artesadesegre.cat\/turisme\/bunquer-del-pi\/\">\n\t\t\t\t\t<div class=\"elementor-cta__bg-wrapper\">\n\t\t\t\t<div class=\"elementor-cta__bg elementor-bg\" style=\"background-image: url(https:\/\/artesadesegre.cat\/turisme\/wp-content\/uploads\/2026\/03\/WhatsApp-Image-2026-03-21-at-13.11.06.jpeg);\" role=\"img\" aria-label=\"WhatsApp Image 2026-03-21 at 13.11.06\"><\/div>\n\t\t\t\t<div class=\"elementor-cta__bg-overlay\"><\/div>\n\t\t\t<\/div>\n\t\t\t\t\t\t\t<div class=\"elementor-cta__content\">\n\t\t\t\t\n\t\t\t\t\t\t\t\t\t<h2 class=\"elementor-cta__title elementor-cta__content-item elementor-content-item\">\n\t\t\t\t\t\tB\u00fanquer del Pi\t\t\t\t\t<\/h2>\n\t\t\t\t\n\t\t\t\t\n\t\t\t\t\t\t\t<\/div>\n\t\t\t\t\t\t<\/a>\n\t\t\t\t\t\t<\/div>\n\t\t\t\t<\/div>\n\t\t<div class=\"elementor-element elementor-element-9bd0d0f e-con-full e-flex e-con e-child\" data-id=\"9bd0d0f\" data-element_type=\"container\" data-e-type=\"container\">\n\t\t\t\t<div class=\"elementor-element elementor-element-cc70619 elementor-cta--valign-top elementor-cta--layout-image-above elementor-cta--skin-classic elementor-animated-content elementor-widget elementor-widget-call-to-action\" data-id=\"cc70619\" data-element_type=\"widget\" data-e-type=\"widget\" data-widget_type=\"call-to-action.default\">\n\t\t\t\t\t\t\t<a class=\"elementor-cta\" href=\"https:\/\/artesadesegre.cat\/turisme\/bunquer-del-lledoner\/\">\n\t\t\t\t\t<div class=\"elementor-cta__bg-wrapper\">\n\t\t\t\t<div class=\"elementor-cta__bg elementor-bg\" style=\"background-image: url(https:\/\/artesadesegre.cat\/turisme\/wp-content\/uploads\/2026\/03\/WhatsApp-Image-2026-03-21-at-13.09.41.jpeg);\" role=\"img\" aria-label=\"WhatsApp Image 2026-03-21 at 13.09.41\"><\/div>\n\t\t\t\t<div class=\"elementor-cta__bg-overlay\"><\/div>\n\t\t\t<\/div>\n\t\t\t\t\t\t\t<div class=\"elementor-cta__content\">\n\t\t\t\t\n\t\t\t\t\t\t\t\t\t<h2 class=\"elementor-cta__title elementor-cta__content-item elementor-content-item\">\n\t\t\t\t\t\tB\u00fanquer del Lledoner\t\t\t\t\t<\/h2>\n\t\t\t\t\n\t\t\t\t\n\t\t\t\t\t\t\t<\/div>\n\t\t\t\t\t\t<\/a>\n\t\t\t\t\t\t<\/div>\n\t\t\t\t<\/div>\n\t\t<div class=\"elementor-element elementor-element-b148d08 e-con-full e-flex e-con e-child\" data-id=\"b148d08\" data-element_type=\"container\" data-e-type=\"container\">\n\t\t\t\t<div class=\"elementor-element elementor-element-f20ca83 elementor-cta--valign-top elementor-cta--layout-image-above elementor-cta--skin-classic elementor-animated-content elementor-widget elementor-widget-call-to-action\" data-id=\"f20ca83\" data-element_type=\"widget\" data-e-type=\"widget\" data-widget_type=\"call-to-action.default\">\n\t\t\t\t\t\t\t<a class=\"elementor-cta\" href=\"https:\/\/artesadesegre.cat\/turisme\/trinxeres-de-la-punta-de-la-serra-de-la-torre-de-laliga\/\">\n\t\t\t\t\t<div class=\"elementor-cta__bg-wrapper\">\n\t\t\t\t<div class=\"elementor-cta__bg elementor-bg\" style=\"background-image: url(https:\/\/artesadesegre.cat\/turisme\/wp-content\/uploads\/2026\/03\/WhatsApp-Image-2026-03-18-at-12.33.56-3.jpeg);\" role=\"img\" aria-label=\"WhatsApp Image 2026-03-18 at 12.33.56 (3)\"><\/div>\n\t\t\t\t<div class=\"elementor-cta__bg-overlay\"><\/div>\n\t\t\t<\/div>\n\t\t\t\t\t\t\t<div class=\"elementor-cta__content\">\n\t\t\t\t\n\t\t\t\t\t\t\t\t\t<h2 class=\"elementor-cta__title elementor-cta__content-item elementor-content-item\">\n\t\t\t\t\t\tTrinxeres\t\t\t\t\t<\/h2>\n\t\t\t\t\n\t\t\t\t\n\t\t\t\t\t\t\t<\/div>\n\t\t\t\t\t\t<\/a>\n\t\t\t\t\t\t<\/div>\n\t\t\t\t<\/div>\n\t\t<div class=\"elementor-element elementor-element-01a6ab8 e-con-full e-flex e-con e-child\" data-id=\"01a6ab8\" data-element_type=\"container\" data-e-type=\"container\">\n\t\t\t\t<div class=\"elementor-element elementor-element-fa66441 elementor-cta--valign-top elementor-cta--layout-image-above elementor-cta--skin-classic elementor-animated-content elementor-widget elementor-widget-call-to-action\" data-id=\"fa66441\" data-element_type=\"widget\" data-e-type=\"widget\" data-widget_type=\"call-to-action.default\">\n\t\t\t\t\t\t\t<a class=\"elementor-cta\" href=\"https:\/\/artesadesegre.cat\/turisme\/bunquer-al-peu-de-la-serra-de-la-torre-de-laliga\/\">\n\t\t\t\t\t<div class=\"elementor-cta__bg-wrapper\">\n\t\t\t\t<div class=\"elementor-cta__bg elementor-bg\" style=\"background-image: url(https:\/\/artesadesegre.cat\/turisme\/wp-content\/uploads\/2026\/03\/WhatsApp-Image-2026-03-21-at-13.08.38.jpeg);\" role=\"img\" aria-label=\"WhatsApp Image 2026-03-21 at 13.08.38\"><\/div>\n\t\t\t\t<div class=\"elementor-cta__bg-overlay\"><\/div>\n\t\t\t<\/div>\n\t\t\t\t\t\t\t<div class=\"elementor-cta__content\">\n\t\t\t\t\n\t\t\t\t\t\t\t\t\t<h2 class=\"elementor-cta__title elementor-cta__content-item elementor-content-item\">\n\t\t\t\t\t\tB\u00fanquer al peu de la Serra de la Torre de l\u2019\u00c0liga\t\t\t\t\t<\/h2>\n\t\t\t\t\n\t\t\t\t\n\t\t\t\t\t\t\t<\/div>\n\t\t\t\t\t\t<\/a>\n\t\t\t\t\t\t<\/div>\n\t\t\t\t<\/div>\n\t\t\t\t\t<\/div>\n\t\t\t\t<\/div>\n\t\t<div class=\"elementor-element elementor-element-55f9d45 e-flex e-con-boxed e-con e-parent\" data-id=\"55f9d45\" data-element_type=\"container\" data-e-type=\"container\">\n\t\t\t\t\t<div class=\"e-con-inner\">\n\t\t\t\t<div class=\"elementor-element elementor-element-7bda10f elementor-widget elementor-widget-google_maps\" data-id=\"7bda10f\" data-element_type=\"widget\" data-e-type=\"widget\" data-widget_type=\"google_maps.default\">\n\t\t\t\t\t\t\t<div class=\"elementor-custom-embed\">\n\t\t\t<iframe loading=\"lazy\"\n\t\t\t\t\tsrc=\"https:\/\/maps.google.com\/maps?q=El%20cintur%C3%B3%20d%27Artesa%20de%20Segre&#038;t=m&#038;z=14&#038;output=embed&#038;iwloc=near\"\n\t\t\t\t\ttitle=\"El cintur\u00f3 d&#039;Artesa de Segre\"\n\t\t\t\t\taria-label=\"El cintur\u00f3 d&#039;Artesa de Segre\"\n\t\t\t><\/iframe>\n\t\t<\/div>\n\t\t\t\t\t\t<\/div>\n\t\t\t\t\t<\/div>\n\t\t\t\t<\/div>\n\t\t\t\t<\/div>\n\t\t","protected":false},"excerpt":{"rendered":"<p>Les fortificacions del Cintur\u00f3 Defensiu d&#8217;Artesa de Segre El paisatge que avui s\u2019obre davant nostre a Artesa de Segre \u2014ser\u00e8, agr\u00edcola i aparentment tranquil\u2014 va ser l\u2019any 1938 un escenari estrat\u00e8gic de primer ordre dins la Guerra Civil. La seva posici\u00f3 com a cru\u00eflla natural de comunicacions, amb connexions cap al Pirineu i Fran\u00e7a, cap [&hellip;]<\/p>\n","protected":false},"author":2,"featured_media":0,"parent":0,"menu_order":0,"comment_status":"closed","ping_status":"closed","template":"elementor_header_footer","meta":{"_acf_changed":false,"footnotes":""},"class_list":["post-1430","page","type-page","status-publish","hentry"],"acf":[],"_links":{"self":[{"href":"https:\/\/artesadesegre.cat\/turisme\/wp-json\/wp\/v2\/pages\/1430","targetHints":{"allow":["GET"]}}],"collection":[{"href":"https:\/\/artesadesegre.cat\/turisme\/wp-json\/wp\/v2\/pages"}],"about":[{"href":"https:\/\/artesadesegre.cat\/turisme\/wp-json\/wp\/v2\/types\/page"}],"author":[{"embeddable":true,"href":"https:\/\/artesadesegre.cat\/turisme\/wp-json\/wp\/v2\/users\/2"}],"replies":[{"embeddable":true,"href":"https:\/\/artesadesegre.cat\/turisme\/wp-json\/wp\/v2\/comments?post=1430"}],"version-history":[{"count":73,"href":"https:\/\/artesadesegre.cat\/turisme\/wp-json\/wp\/v2\/pages\/1430\/revisions"}],"predecessor-version":[{"id":1836,"href":"https:\/\/artesadesegre.cat\/turisme\/wp-json\/wp\/v2\/pages\/1430\/revisions\/1836"}],"wp:attachment":[{"href":"https:\/\/artesadesegre.cat\/turisme\/wp-json\/wp\/v2\/media?parent=1430"}],"curies":[{"name":"wp","href":"https:\/\/api.w.org\/{rel}","templated":true}]}}